{"id":397,"date":"2022-02-01T11:08:49","date_gmt":"2022-02-01T10:08:49","guid":{"rendered":"https:\/\/www.cpowerlabs.com\/startseite\/"},"modified":"2023-10-09T09:38:11","modified_gmt":"2023-10-09T07:38:11","slug":"startseite","status":"publish","type":"page","link":"https:\/\/www.cpowerlabs.com\/de\/","title":{"rendered":"Startseite"},"content":{"rendered":"<section class=\"l-section wpb_row height_medium full_height valign_center color_secondary with_img\"><div class=\"l-section-img\" role=\"img\" data-img-width=\"1900\" data-img-height=\"1267\" style=\"background-image: url(https:\/\/www.cpowerlabs.com\/wp-content\/uploads\/2022\/02\/background-home-chemnitz-power-labs-01.jpg);background-repeat: no-repeat;\"><\/div><div class=\"l-section-h i-cf\"><div class=\"g-cols vc_row via_grid cols_2-1 laptops-cols_inherit tablets-cols_inherit mobiles-cols_1 valign_top type_default stacking_default\" style=\"--gap:6rem;\"><div class=\"wpb_column vc_column_container\"><div class=\"vc_column-inner\"><div class=\"w-image align_none\"><div class=\"w-image-h\"><img loading=\"lazy\" decoding=\"async\" width=\"100\" height=\"100\" src=\"https:\/\/www.cpowerlabs.com\/wp-content\/uploads\/2022\/02\/imagotipo-100px.png\" class=\"attachment-full size-full\" alt=\"\" \/><\/div><\/div><div class=\"w-separator size_medium\"><\/div><div class=\"wpb_text_column\"><div class=\"wpb_wrapper\"><h1><strong>Ihr Testpartner f\u00fcr Leistungshalbleiter-Bauelemente<\/strong><\/h1>\n<\/div><\/div><div class=\"w-separator size_small\"><\/div><div class=\"wpb_text_column\"><div class=\"wpb_wrapper\"><p>Wir verstehen Leistungshalbleiter als Gesamtsystem: vom Packaging bis hin zu allen verf\u00fcgbaren Chiptechnologien, einschlie\u00dflich neuester Generationen von Chips und den aktuellsten Forschungsergebnissen<br \/>\nChemnitz Power Labs ist ein Unternehmen, das als Spin-Off der Professur f\u00fcr Leistungselektronik der Technischen Universit\u00e4t Chemnitz entstanden ist.<br \/>\nUnsere Aufgabe ist es, hochspezialisierte Testdienstleistungen f\u00fcr Kunden anzubieten, die Leistungshalbleiter entwickeln, integrieren oder einsetzen und deren Grenzen kennen m\u00fcssen.<\/p>\n<\/div><\/div><div class=\"w-separator size_small\"><\/div><div class=\"w-btn-wrapper align_none\"><a class=\"w-btn us-btn-style_1 icon_atleft\" href=\"https:\/\/www.cpowerlabs.com\/de\/firma\/\"><i class=\"fas fa-arrow-right\"><\/i><span class=\"w-btn-label\">\u00dcBER UNS<\/span><\/a><\/div><\/div><\/div><div class=\"wpb_column vc_column_container us_custom_75eba826\"><div class=\"vc_column-inner\"><div class=\"w-image us_custom_bdc887fb align_none\"><div class=\"w-image-h\"><img loading=\"lazy\" decoding=\"async\" width=\"850\" height=\"600\" src=\"https:\/\/www.cpowerlabs.com\/wp-content\/uploads\/2023\/09\/Logo02-chemnitz-850-x-600-px.png\" class=\"attachment-full size-full\" alt=\"\" srcset=\"https:\/\/www.cpowerlabs.com\/wp-content\/uploads\/2023\/09\/Logo02-chemnitz-850-x-600-px.png 850w, https:\/\/www.cpowerlabs.com\/wp-content\/uploads\/2023\/09\/Logo02-chemnitz-850-x-600-px-300x212.png 300w\" sizes=\"auto, (max-width: 850px) 100vw, 850px\" \/><\/div><\/div><div class=\"w-separator size_small\"><\/div><div class=\"wpb_text_column us_custom_eb849559\"><div class=\"wpb_wrapper\"><div class=\"\">\n<div class=\"elementToProof\">Wir sind Mitglied der ECPE e.V.<\/div>\n<\/div>\n<\/div><\/div><\/div><\/div><\/div><\/div><\/section><section class=\"l-section wpb_row height_medium color_primary with_img\"><div class=\"l-section-img\" role=\"img\" data-img-width=\"1433\" data-img-height=\"170\" style=\"background-image: url(https:\/\/www.cpowerlabs.com\/wp-content\/uploads\/2022\/02\/fractal-background.png);background-position: top center;background-repeat: no-repeat;\"><\/div><div class=\"l-section-h i-cf\"><div class=\"g-cols vc_row via_grid cols_3-1 laptops-cols_inherit tablets-cols_inherit mobiles-cols_1 valign_middle type_default stacking_default\"><div class=\"wpb_column vc_column_container\"><div class=\"vc_column-inner\"><div class=\"wpb_text_column\"><div class=\"wpb_wrapper\"><h3>Entdecken Sie hier die Ver\u00f6ffentlichungen, die die Standards f\u00fcr die Zuverl\u00e4ssigkeit von Leistungshalbleitern bestimmen. Viele dieser Ver\u00f6ffentlichungen tragen das Impressum unserer Gr\u00fcndungspartner<\/h3>\n<\/div><\/div><\/div><\/div><div class=\"wpb_column vc_column_container\"><div class=\"vc_column-inner\"><div class=\"w-btn-wrapper align_center\"><a class=\"w-btn us-btn-style_4 icon_atleft\" title=\"Ver\u00f6ffentlichungen\" href=\"https:\/\/www.cpowerlabs.com\/de\/veroeffentlichungen\/\"><i class=\"fas fa-plus\"><\/i><span class=\"w-btn-label\">MEHR INFORMATIONEN<\/span><\/a><\/div><\/div><\/div><\/div><\/div><\/section><section class=\"l-section wpb_row height_medium\"><div class=\"l-section-h i-cf\"><div class=\"g-cols vc_row via_grid cols_1 laptops-cols_inherit tablets-cols_inherit mobiles-cols_1 valign_top type_default stacking_default\"><div class=\"wpb_column vc_column_container\"><div class=\"vc_column-inner\"><div class=\"g-cols wpb_row via_grid cols_1-4-1 laptops-cols_inherit tablets-cols_inherit mobiles-cols_1 valign_top type_default stacking_default\" style=\"--gap:3rem;\"><div class=\"wpb_column vc_column_container\"><div class=\"vc_column-inner\"><\/div><\/div><div class=\"wpb_column vc_column_container\"><div class=\"vc_column-inner\"><div class=\"wpb_text_column us_custom_eb849559\"><div class=\"wpb_wrapper\"><h2>Unsere <strong>Arbeitsweise<\/strong><\/h2>\n<\/div><\/div><\/div><\/div><div class=\"wpb_column vc_column_container\"><div class=\"vc_column-inner\"><\/div><\/div><\/div><div class=\"w-separator size_medium\"><\/div><div class=\"g-cols wpb_row via_grid cols_3 laptops-cols_inherit tablets-cols_inherit mobiles-cols_1 valign_top type_default stacking_default\" style=\"--gap:3rem;\"><div class=\"wpb_column vc_column_container\"><div class=\"vc_column-inner\"><div class=\"w-iconbox iconpos_top style_default color_primary align_center icontype_img\"><div class=\"w-iconbox-icon\" style=\"font-size:6rem;\"><img loading=\"lazy\" decoding=\"async\" width=\"300\" height=\"300\" src=\"https:\/\/www.cpowerlabs.com\/wp-content\/uploads\/2022\/02\/icono-home-02.png\" class=\"attachment-full size-full\" alt=\"\" srcset=\"https:\/\/www.cpowerlabs.com\/wp-content\/uploads\/2022\/02\/icono-home-02.png 300w, https:\/\/www.cpowerlabs.com\/wp-content\/uploads\/2022\/02\/icono-home-02-150x150.png 150w\" sizes=\"auto, (max-width: 300px) 100vw, 300px\" \/><\/div><div class=\"w-iconbox-meta\"><h4 class=\"w-iconbox-title\">Leistungshalbleiter-Technologien<\/h4><div class=\"w-iconbox-text\"><p>Unsere Experten verf\u00fcgen \u00fcber ein umfassendes Wissen \u00fcber die Technologie und Zuverl\u00e4ssigkeit von Leistungshalbleitern auf Si-, SiC- und GaN-Basis.<\/p>\n<\/div><\/div><\/div><\/div><\/div><div class=\"wpb_column vc_column_container\"><div class=\"vc_column-inner\"><div class=\"w-iconbox iconpos_top style_default color_primary align_center icontype_img\"><div class=\"w-iconbox-icon\" style=\"font-size:6rem;\"><img loading=\"lazy\" decoding=\"async\" width=\"300\" height=\"300\" src=\"https:\/\/www.cpowerlabs.com\/wp-content\/uploads\/2022\/02\/icono-home-01.png\" class=\"attachment-full size-full\" alt=\"\" srcset=\"https:\/\/www.cpowerlabs.com\/wp-content\/uploads\/2022\/02\/icono-home-01.png 300w, https:\/\/www.cpowerlabs.com\/wp-content\/uploads\/2022\/02\/icono-home-01-150x150.png 150w\" sizes=\"auto, (max-width: 300px) 100vw, 300px\" \/><\/div><div class=\"w-iconbox-meta\"><h4 class=\"w-iconbox-title\">Flexibilit\u00e4t des Packagings<\/h4><div class=\"w-iconbox-text\"><p>Unsere Testst\u00e4nde sind mit allen g\u00e4ngigen Aufbauten kompatibel. Wir wissen jedoch, dass f\u00fcr unsere Kunden Zeit und Flexibilit\u00e4t von entscheidender Bedeutung sind, und deshalb k\u00f6nnen unsere Testst\u00e4nde in k\u00fcrzester Zeit an neue Aufbauten angepasst werden<\/p>\n<\/div><\/div><\/div><\/div><\/div><div class=\"wpb_column vc_column_container\"><div class=\"vc_column-inner\"><div class=\"w-iconbox iconpos_top style_default color_primary align_center icontype_img\"><div class=\"w-iconbox-icon\" style=\"font-size:6rem;\"><img loading=\"lazy\" decoding=\"async\" width=\"300\" height=\"300\" src=\"https:\/\/www.cpowerlabs.com\/wp-content\/uploads\/2022\/02\/icono-home-03.png\" class=\"attachment-full size-full\" alt=\"\" srcset=\"https:\/\/www.cpowerlabs.com\/wp-content\/uploads\/2022\/02\/icono-home-03.png 300w, https:\/\/www.cpowerlabs.com\/wp-content\/uploads\/2022\/02\/icono-home-03-150x150.png 150w\" sizes=\"auto, (max-width: 300px) 100vw, 300px\" \/><\/div><div class=\"w-iconbox-meta\"><h4 class=\"w-iconbox-title\">Innovative Testmethoden<\/h4><div class=\"w-iconbox-text\"><p>Wir sind in der Lage alle bekannten Pr\u00fcfverfahren f\u00fcr Leistungshalbleiter abzudecken. Wir unterst\u00fctzen Sie bei der Definition von Pr\u00fcfstrategien zur Verifizierung bestimmter Fehlermodi oder zur Optimierung der Pr\u00fcfdauer. Wir sind auch gerne bereit, gemeinsam mit Ihnen neue Testmethoden zu entwickeln, um Ihre spezifischen Anforderungen zu erf\u00fcllen.<\/p>\n<\/div><\/div><\/div><\/div><\/div><\/div><\/div><\/div><\/div><\/div><\/section><section class=\"l-section wpb_row us_custom_04b5345d height_medium\"><div class=\"l-section-h i-cf\"><div class=\"g-cols vc_row via_grid cols_1 laptops-cols_inherit tablets-cols_inherit mobiles-cols_1 valign_middle type_default stacking_default\" style=\"--gap:0.5rem;\"><div class=\"wpb_column vc_column_container\"><div class=\"vc_column-inner\"><div class=\"w-hwrapper valign_middle align_center\" style=\"--hwrapper-gap:3rem\"><div class=\"w-image align_none\"><div class=\"w-image-h\"><img loading=\"lazy\" decoding=\"async\" width=\"75\" height=\"75\" src=\"https:\/\/www.cpowerlabs.com\/wp-content\/uploads\/2023\/09\/ISO-certificate.png\" class=\"attachment-full size-full\" alt=\"\" \/><\/div><\/div><div class=\"wpb_text_column\"><div class=\"wpb_wrapper\"><h3>Wir sind ein nach ISO9001:2015 zertifiziertes Unternehmen<\/h3>\n<\/div><\/div><div class=\"w-btn-wrapper align_none\"><a class=\"w-btn us-btn-style_1 icon_atleft\" title=\"Company\" href=\"https:\/\/www.cpowerlabs.com\/de\/zertifizierungen-und-akkreditierungen\/\"><i class=\"fas fa-arrow-right\"><\/i><span class=\"w-btn-label\">ZERTIFIZIERUNGEN<\/span><\/a><\/div><\/div><\/div><\/div><\/div><\/div><\/section>\n","protected":false},"excerpt":{"rendered":"Ihr Testpartner f\u00fcr Leistungshalbleiter-Bauelemente Wir verstehen Leistungshalbleiter als Gesamtsystem: vom Packaging bis hin zu allen verf\u00fcgbaren Chiptechnologien, einschlie\u00dflich neuester Generationen von Chips und den aktuellsten Forschungsergebnissen Chemnitz Power Labs ist ein Unternehmen, das als Spin-Off der Professur f\u00fcr Leistungselektronik der Technischen Universit\u00e4t Chemnitz entstanden ist. Unsere Aufgabe ist es, hochspezialisierte Testdienstleistungen f\u00fcr Kunden anzubieten, die...","protected":false},"author":1,"featured_media":0,"parent":0,"menu_order":0,"comment_status":"closed","ping_status":"open","template":"","meta":{"inline_featured_image":false,"footnotes":""},"class_list":["post-397","page","type-page","status-publish","hentry"],"yoast_head":"<!-- This site is optimized with the Yoast SEO plugin v27.4 - https:\/\/yoast.com\/product\/yoast-seo-wordpress\/ -->\n<title>Startseite - Chemnitz Power Labs<\/title>\n<meta name=\"robots\" content=\"index, follow, max-snippet:-1, max-image-preview:large, max-video-preview:-1\" \/>\n<link rel=\"canonical\" href=\"https:\/\/www.cpowerlabs.com\/de\/\" \/>\n<meta property=\"og:locale\" content=\"de_DE\" \/>\n<meta property=\"og:type\" content=\"article\" \/>\n<meta property=\"og:title\" content=\"Startseite - Chemnitz Power Labs\" \/>\n<meta property=\"og:url\" content=\"https:\/\/www.cpowerlabs.com\/de\/\" \/>\n<meta property=\"og:site_name\" content=\"Chemnitz Power Labs\" \/>\n<meta property=\"article:modified_time\" content=\"2023-10-09T07:38:11+00:00\" \/>\n<meta name=\"twitter:card\" content=\"summary_large_image\" \/>\n<meta name=\"twitter:label1\" content=\"Gesch\u00e4tzte Lesezeit\" \/>\n\t<meta name=\"twitter:data1\" content=\"2\u00a0Minuten\" \/>\n<script type=\"application\/ld+json\" class=\"yoast-schema-graph\">{\"@context\":\"https:\\\/\\\/schema.org\",\"@graph\":[{\"@type\":\"WebPage\",\"@id\":\"https:\\\/\\\/www.cpowerlabs.com\\\/de\\\/\",\"url\":\"https:\\\/\\\/www.cpowerlabs.com\\\/de\\\/\",\"name\":\"Startseite - Chemnitz Power Labs\",\"isPartOf\":{\"@id\":\"https:\\\/\\\/www.cpowerlabs.com\\\/de\\\/#website\"},\"datePublished\":\"2022-02-01T10:08:49+00:00\",\"dateModified\":\"2023-10-09T07:38:11+00:00\",\"breadcrumb\":{\"@id\":\"https:\\\/\\\/www.cpowerlabs.com\\\/de\\\/#breadcrumb\"},\"inLanguage\":\"de\",\"potentialAction\":[{\"@type\":\"ReadAction\",\"target\":[\"https:\\\/\\\/www.cpowerlabs.com\\\/de\\\/\"]}]},{\"@type\":\"BreadcrumbList\",\"@id\":\"https:\\\/\\\/www.cpowerlabs.com\\\/de\\\/#breadcrumb\",\"itemListElement\":[{\"@type\":\"ListItem\",\"position\":1,\"name\":\"Home\",\"item\":\"https:\\\/\\\/www.cpowerlabs.com\\\/de\\\/\"},{\"@type\":\"ListItem\",\"position\":2,\"name\":\"Startseite\"}]},{\"@type\":\"WebSite\",\"@id\":\"https:\\\/\\\/www.cpowerlabs.com\\\/de\\\/#website\",\"url\":\"https:\\\/\\\/www.cpowerlabs.com\\\/de\\\/\",\"name\":\"Chemnitz Power Labs\",\"description\":\"Your testing partner for Power Semiconductors\",\"potentialAction\":[{\"@type\":\"SearchAction\",\"target\":{\"@type\":\"EntryPoint\",\"urlTemplate\":\"https:\\\/\\\/www.cpowerlabs.com\\\/de\\\/?s={search_term_string}\"},\"query-input\":{\"@type\":\"PropertyValueSpecification\",\"valueRequired\":true,\"valueName\":\"search_term_string\"}}],\"inLanguage\":\"de\"}]}<\/script>\n<!-- \/ Yoast SEO plugin. -->","yoast_head_json":{"title":"Startseite - Chemnitz Power Labs","robots":{"index":"index","follow":"follow","max-snippet":"max-snippet:-1","max-image-preview":"max-image-preview:large","max-video-preview":"max-video-preview:-1"},"canonical":"https:\/\/www.cpowerlabs.com\/de\/","og_locale":"de_DE","og_type":"article","og_title":"Startseite - Chemnitz Power Labs","og_url":"https:\/\/www.cpowerlabs.com\/de\/","og_site_name":"Chemnitz Power Labs","article_modified_time":"2023-10-09T07:38:11+00:00","twitter_card":"summary_large_image","twitter_misc":{"Gesch\u00e4tzte Lesezeit":"2\u00a0Minuten"},"schema":{"@context":"https:\/\/schema.org","@graph":[{"@type":"WebPage","@id":"https:\/\/www.cpowerlabs.com\/de\/","url":"https:\/\/www.cpowerlabs.com\/de\/","name":"Startseite - Chemnitz Power Labs","isPartOf":{"@id":"https:\/\/www.cpowerlabs.com\/de\/#website"},"datePublished":"2022-02-01T10:08:49+00:00","dateModified":"2023-10-09T07:38:11+00:00","breadcrumb":{"@id":"https:\/\/www.cpowerlabs.com\/de\/#breadcrumb"},"inLanguage":"de","potentialAction":[{"@type":"ReadAction","target":["https:\/\/www.cpowerlabs.com\/de\/"]}]},{"@type":"BreadcrumbList","@id":"https:\/\/www.cpowerlabs.com\/de\/#breadcrumb","itemListElement":[{"@type":"ListItem","position":1,"name":"Home","item":"https:\/\/www.cpowerlabs.com\/de\/"},{"@type":"ListItem","position":2,"name":"Startseite"}]},{"@type":"WebSite","@id":"https:\/\/www.cpowerlabs.com\/de\/#website","url":"https:\/\/www.cpowerlabs.com\/de\/","name":"Chemnitz Power Labs","description":"Your testing partner for Power Semiconductors","potentialAction":[{"@type":"SearchAction","target":{"@type":"EntryPoint","urlTemplate":"https:\/\/www.cpowerlabs.com\/de\/?s={search_term_string}"},"query-input":{"@type":"PropertyValueSpecification","valueRequired":true,"valueName":"search_term_string"}}],"inLanguage":"de"}]}},"_links":{"self":[{"href":"https:\/\/www.cpowerlabs.com\/de\/wp-json\/wp\/v2\/pages\/397","targetHints":{"allow":["GET"]}}],"collection":[{"href":"https:\/\/www.cpowerlabs.com\/de\/wp-json\/wp\/v2\/pages"}],"about":[{"href":"https:\/\/www.cpowerlabs.com\/de\/wp-json\/wp\/v2\/types\/page"}],"author":[{"embeddable":true,"href":"https:\/\/www.cpowerlabs.com\/de\/wp-json\/wp\/v2\/users\/1"}],"replies":[{"embeddable":true,"href":"https:\/\/www.cpowerlabs.com\/de\/wp-json\/wp\/v2\/comments?post=397"}],"version-history":[{"count":37,"href":"https:\/\/www.cpowerlabs.com\/de\/wp-json\/wp\/v2\/pages\/397\/revisions"}],"predecessor-version":[{"id":731,"href":"https:\/\/www.cpowerlabs.com\/de\/wp-json\/wp\/v2\/pages\/397\/revisions\/731"}],"wp:attachment":[{"href":"https:\/\/www.cpowerlabs.com\/de\/wp-json\/wp\/v2\/media?parent=397"}],"curies":[{"name":"wp","href":"https:\/\/api.w.org\/{rel}","templated":true}]}}