{"id":400,"date":"2022-02-24T16:19:43","date_gmt":"2022-02-24T15:19:43","guid":{"rendered":"https:\/\/www.cpowerlabs.com\/dienstleistungen\/"},"modified":"2026-02-16T14:12:59","modified_gmt":"2026-02-16T13:12:59","slug":"dienstleistungen","status":"publish","type":"page","link":"https:\/\/www.cpowerlabs.com\/de\/dienstleistungen\/","title":{"rendered":"Dienstleistungen"},"content":{"rendered":"<section class=\"l-section wpb_row cabecera-paginas height_small color_primary with_img\"><div class=\"l-section-img\" role=\"img\" data-img-width=\"\" data-img-height=\"\" style=\"background-image: url(https:\/\/www.cpowerlabs.com\/wp-content\/uploads\/2022\/02\/fractal-background.svg);background-position: top center;background-repeat: no-repeat;\"><\/div><div class=\"l-section-h i-cf\"><div class=\"g-cols vc_row via_grid cols_1 laptops-cols_inherit tablets-cols_inherit mobiles-cols_1 valign_top type_default stacking_default\"><div class=\"wpb_column vc_column_container\"><div class=\"vc_column-inner\"><h1 class=\"w-post-elm post_title us_custom_b176824e entry-title color_link_inherit\">Dienstleistungen<\/h1><\/div><\/div><\/div><\/div><\/section><section class=\"l-section wpb_row height_medium\"><div class=\"l-section-h i-cf\"><div class=\"g-cols vc_row via_grid cols_1 laptops-cols_inherit tablets-cols_inherit mobiles-cols_1 valign_top type_default stacking_default\"><div class=\"wpb_column vc_column_container\"><div class=\"vc_column-inner\"><div class=\"wpb_text_column us_custom_eb849559\"><div class=\"wpb_wrapper\"><p>Wir bieten verschiedene Dienstleistungen an, die sich auf die <strong>Pr\u00fcfung der Zuverl\u00e4ssigkeit und Robustheit<\/strong> von Leistungshalbleiter-Bauteilen konzentrieren, wobei wir hierbei alle ben\u00f6tigten Packages oder Halbleitermaterialien abdecken k\u00f6nnen. Je nach Kundenwunsch k\u00f6nnen wir auch neue Testmethoden entwickeln, um<strong> spezifische und<\/strong> <strong>individuelle Anforderungen<\/strong> zu erf\u00fcllen. F\u00fcr weitere Informationen kontaktieren Sie uns gern.<\/p>\n<p>Die folgenden Abschnitte zeigen einen Auszug aus den Dienstleistungen, die Chemnitz Power Labs anbietet:<\/p>\n<\/div><\/div><\/div><\/div><\/div><\/div><\/section><section class=\"l-section wpb_row height_medium\" id=\"pHTFB\"><div class=\"l-section-h i-cf\"><div class=\"g-cols vc_row via_grid cols_2 laptops-cols_inherit tablets-cols_inherit mobiles-cols_1 valign_top type_default stacking_default\"><div class=\"wpb_column vc_column_container\"><div class=\"vc_column-inner\"><div class=\"wpb_text_column\"><div class=\"wpb_wrapper\"><h3><strong>(pulsed) HTFB Tests &#8211; Bipolare Degradation<\/strong><\/h3>\n<\/div><\/div><div class=\"w-separator size_small\"><\/div><div class=\"wpb_text_column\"><div class=\"wpb_wrapper\"><div class=\"wpb_text_column\">\n<div class=\"wpb_wrapper\">\n<p>Bipolar Degradation tests (pHTFB\/dynHTFB) for SiC devices in discrete packages and modules<\/p>\n<ul>\n<li>Kurze Pulse tpulse&lt;100\u00b5s<\/li>\n<li>Hohe Stromamplituden &gt;250A mit flachem Plateau<\/li>\n<li>Variation der Gatespannung VGS<\/li>\n<li>in-situ Messungen der Sperrschichttemperatur Tj und RSDon<\/li>\n<\/ul>\n<\/div>\n<\/div>\n<\/div><\/div><\/div><\/div><div class=\"wpb_column vc_column_container\"><div class=\"vc_column-inner\"><div class=\"w-image align_none\"><div class=\"w-image-h\"><img loading=\"lazy\" decoding=\"async\" width=\"486\" height=\"258\" src=\"https:\/\/www.cpowerlabs.com\/wp-content\/uploads\/2025\/08\/bipdeg_setup.png\" class=\"attachment-full size-full\" alt=\"\" \/><\/div><\/div><\/div><\/div><\/div><\/div><\/section><section class=\"l-section wpb_row height_medium color_alternate\" id=\"Lastwechsel\"><div class=\"l-section-h i-cf\"><div class=\"g-cols vc_row via_grid cols_2 laptops-cols_inherit tablets-cols_inherit mobiles-cols_1 valign_top type_default stacking_default\"><div class=\"wpb_column vc_column_container\"><div class=\"vc_column-inner\"><div class=\"w-slider style_none fit_scaledown\"><div class=\"w-slider-h\"><div class=\"royalSlider\"><div class=\"rsContent\"><a class=\"rsImg\" data-rsw=\"760\" data-rsh=\"507\" href=\"https:\/\/www.cpowerlabs.com\/wp-content\/uploads\/2022\/02\/power-cycling-02.jpg\"><span data-alt=\"\"><\/span><\/a><\/div><\/div><img decoding=\"async\" src=\"https:\/\/www.cpowerlabs.com\/wp-content\/uploads\/2022\/02\/power-cycling-02.jpg\" width=\"760\" height=\"507\" alt loading=\"lazy\"><\/div><div class=\"w-slider-json\" onclick='return {&quot;autoScaleSlider&quot;:true,&quot;loop&quot;:true,&quot;fadeInLoadedSlide&quot;:false,&quot;slidesSpacing&quot;:0,&quot;imageScalePadding&quot;:0,&quot;numImagesToPreload&quot;:2,&quot;arrowsNav&quot;:true,&quot;arrowsNavAutoHide&quot;:false,&quot;transitionType&quot;:&quot;move&quot;,&quot;transitionSpeed&quot;:250,&quot;block&quot;:{&quot;moveEffect&quot;:&quot;none&quot;,&quot;speed&quot;:300},&quot;thumbs&quot;:{&quot;fitInViewport&quot;:false},&quot;controlNavigation&quot;:&quot;none&quot;,&quot;autoplay&quot;:{&quot;enabled&quot;:true,&quot;pauseOnHover&quot;:true,&quot;delay&quot;:3000},&quot;imageScaleMode&quot;:&quot;fit-if-smaller&quot;,&quot;autoScaleSliderWidth&quot;:760,&quot;autoScaleSliderHeight&quot;:507}'><\/div><\/div><\/div><\/div><div class=\"wpb_column vc_column_container\"><div class=\"vc_column-inner\"><div class=\"wpb_text_column\"><div class=\"wpb_wrapper\"><h3><strong>Lastwechsel\/Temperaturwechsel:<\/strong><\/h3>\n<\/div><\/div><div class=\"w-separator size_small\"><\/div><div class=\"wpb_text_column\"><div class=\"wpb_wrapper\"><ul>\n<li>PCsec und PCmin in Anlehnung an die AQG 324<\/li>\n<li>Diskrete Module und Leistungsmodule bis zu 2000 A maximalem Pr\u00fcfstrom<\/li>\n<li>Bauteil-Technologien: SiC MOSFET, GaN HEMT, IGBT, Dioden, &#8230;<\/li>\n<li>Thermozyklen\/Thermoschock mit 2-Kammer-System in Anlehnung an AQG 324 oder JEDEC, optional Heat-Plate-Zyklen<\/li>\n<\/ul>\n<\/div><\/div><\/div><\/div><\/div><\/div><\/section><section class=\"l-section wpb_row height_medium\" id=\"Thermische Charakterisierung\"><div class=\"l-section-h i-cf\"><div class=\"g-cols vc_row via_grid cols_2 laptops-cols_inherit tablets-cols_inherit mobiles-cols_1 valign_top type_default stacking_default\"><div class=\"wpb_column vc_column_container\"><div class=\"vc_column-inner\"><div class=\"wpb_text_column\"><div class=\"wpb_wrapper\"><h3><strong>Thermische Charakterisierung<\/strong><\/h3>\n<\/div><\/div><div class=\"w-separator size_small\"><\/div><div class=\"wpb_text_column\"><div class=\"wpb_wrapper\"><ul>\n<li>Pr\u00e4zise Messung der thermischen Impedanz von diskreten Komponenten, Leistungsmodulen und eingebetteten Baugruppen<\/li>\n<li>Charakterisierung verschiedener Chiptechnologien m\u00f6glich, z.B. GaN HEMT, IGBT, SiC MOSFET, Dioden<\/li>\n<\/ul>\n<\/div><\/div><\/div><\/div><div class=\"wpb_column vc_column_container\"><div class=\"vc_column-inner\"><div class=\"w-image align_none\"><div class=\"w-image-h\"><img loading=\"lazy\" decoding=\"async\" width=\"760\" height=\"507\" src=\"https:\/\/www.cpowerlabs.com\/wp-content\/uploads\/2022\/02\/thermal_01.jpg\" class=\"attachment-full size-full\" alt=\"\" srcset=\"https:\/\/www.cpowerlabs.com\/wp-content\/uploads\/2022\/02\/thermal_01.jpg 760w, https:\/\/www.cpowerlabs.com\/wp-content\/uploads\/2022\/02\/thermal_01-300x200.jpg 300w\" sizes=\"auto, (max-width: 760px) 100vw, 760px\" \/><\/div><\/div><\/div><\/div><\/div><\/div><\/section><section class=\"l-section wpb_row height_medium\" id=\"htgb\"><div class=\"l-section-overlay\" style=\"background:var(--color-content-bg-alt)\"><\/div><div class=\"l-section-h i-cf\"><div class=\"g-cols vc_row via_grid cols_2 laptops-cols_inherit tablets-cols_inherit mobiles-cols_1 valign_top type_default stacking_default\"><div class=\"wpb_column vc_column_container\"><div class=\"vc_column-inner\"><div class=\"w-image align_none\"><div class=\"w-image-h\"><img loading=\"lazy\" decoding=\"async\" width=\"760\" height=\"507\" src=\"https:\/\/www.cpowerlabs.com\/wp-content\/uploads\/2022\/02\/htgb_01.jpg\" class=\"attachment-full size-full\" alt=\"\" srcset=\"https:\/\/www.cpowerlabs.com\/wp-content\/uploads\/2022\/02\/htgb_01.jpg 760w, https:\/\/www.cpowerlabs.com\/wp-content\/uploads\/2022\/02\/htgb_01-300x200.jpg 300w\" sizes=\"auto, (max-width: 760px) 100vw, 760px\" \/><\/div><\/div><\/div><\/div><div class=\"wpb_column vc_column_container\"><div class=\"vc_column-inner\"><div class=\"wpb_text_column\"><div class=\"wpb_wrapper\"><h3><strong>HTGB<\/strong><\/h3>\n<\/div><\/div><div class=\"w-separator size_small\"><\/div><div class=\"wpb_text_column\"><div class=\"wpb_wrapper\"><ul>\n<li>Verschiedene Teststationen f\u00fcr HTGB, gestufter HTGB oder zuk\u00fcnftig AC-HTGB (DGS &#8211; Dynamic Gate Stress, siehe AQG 324)<\/li>\n<li>In-situ-Messung der Schwellenspannung m\u00f6glich, Vorkonditionierungsmethode nach JEDEC JEP 184<\/li>\n<li>Pr\u00e4zise Leckstrommessungen<\/li>\n<\/ul>\n<\/div><\/div><\/div><\/div><\/div><\/div><\/section><section class=\"l-section wpb_row height_auto color_alternate\" id=\"h3trb\"><div class=\"l-section-overlay\" style=\"background:var(--color-header-middle-bg)\"><\/div><div class=\"l-section-h i-cf\"><div class=\"g-cols vc_row via_grid cols_2 laptops-cols_inherit tablets-cols_inherit mobiles-cols_1 valign_top type_default stacking_default\"><div class=\"wpb_column vc_column_container us_custom_cfd0d040\"><div class=\"vc_column-inner\"><div class=\"wpb_text_column\"><div class=\"wpb_wrapper\"><h3><strong>H3TRB<\/strong><\/h3>\n<\/div><\/div><div class=\"w-separator size_small\"><\/div><div class=\"wpb_text_column\"><div class=\"wpb_wrapper\"><ul>\n<li>Bis zu 6,5kV Ger\u00e4teklasse, bis 85\u00b0C und 85% Feuchte<\/li>\n<li>Genaue in-situ Messung des Ableitstroms bis zu 100 nA<\/li>\n<\/ul>\n<\/div><\/div><\/div><\/div><div class=\"wpb_column vc_column_container us_custom_a9bbfc16 has_bg_color stretched\"><div class=\"vc_column-inner\"><div class=\"wpb_text_column\"><div class=\"wpb_wrapper\"><h3><strong>HTRB<\/strong><\/h3>\n<\/div><\/div><div class=\"w-separator size_small\"><\/div><div class=\"wpb_text_column\"><div class=\"wpb_wrapper\"><ul>\n<li>Bis zu 6,5kV Ger\u00e4teklasse, bis 200\u00b0C<\/li>\n<li>Genaue in-situ Messung des Ableitstroms bis zu 100 nA<\/li>\n<\/ul>\n<\/div><\/div><\/div><\/div><\/div><\/div><\/section><section class=\"l-section wpb_row height_medium\" id=\"htrb\"><div class=\"l-section-overlay\" style=\"background:var(--color-content-bg-alt)\"><\/div><div class=\"l-section-h i-cf\"><div class=\"g-cols vc_row via_grid cols_2 laptops-cols_inherit tablets-cols_inherit mobiles-cols_1 valign_top type_default stacking_default\"><div class=\"wpb_column vc_column_container\"><div class=\"vc_column-inner\"><div class=\"wpb_text_column\"><div class=\"wpb_wrapper\"><h3><strong>dynamischer H3TRB (aktiv und passiv)<\/strong><\/h3>\n<\/div><\/div><div class=\"w-separator size_small\"><\/div><div class=\"wpb_text_column\"><div class=\"wpb_wrapper\"><ul>\n<li>Dynamische Tests bis 1,5 kV gem\u00e4\u00df AQG 324<\/li>\n<li>Verschiedene Klimakammern verf\u00fcgbar, abh\u00e4ngig von der Anzahl der Ger\u00e4te<\/li>\n<li>Schaltfrequenz bis 25 kHz<\/li>\n<\/ul>\n<\/div><\/div><div class=\"w-separator size_huge\"><\/div><div class=\"wpb_text_column\"><div class=\"wpb_wrapper\"><h3><strong>DRB (aktiv und passiv)<\/strong><\/h3>\n<\/div><\/div><div class=\"w-separator size_small\"><\/div><div class=\"wpb_text_column\"><div class=\"wpb_wrapper\"><ul>\n<li>Dynamische Tests bis 1,5 kV gem\u00e4\u00df AQG 324<\/li>\n<li>Schaltfrequenz bis 500 kHz<\/li>\n<\/ul>\n<\/div><\/div><\/div><\/div><div class=\"wpb_column vc_column_container\"><div class=\"vc_column-inner\"><div class=\"w-image align_none\"><div class=\"w-image-h\"><img loading=\"lazy\" decoding=\"async\" width=\"1024\" height=\"957\" src=\"https:\/\/www.cpowerlabs.com\/wp-content\/uploads\/2025\/06\/Bild_dynH3TRB_1-1024x957.jpeg\" class=\"attachment-large size-large\" alt=\"\" srcset=\"https:\/\/www.cpowerlabs.com\/wp-content\/uploads\/2025\/06\/Bild_dynH3TRB_1-1024x957.jpeg 1024w, https:\/\/www.cpowerlabs.com\/wp-content\/uploads\/2025\/06\/Bild_dynH3TRB_1-600x561.jpeg 600w, https:\/\/www.cpowerlabs.com\/wp-content\/uploads\/2025\/06\/Bild_dynH3TRB_1.jpeg 1530w\" sizes=\"auto, (max-width: 1024px) 100vw, 1024px\" \/><\/div><\/div><\/div><\/div><\/div><\/div><\/section><section class=\"l-section wpb_row height_medium color_alternate\" id=\"Charakterisierung von Leistungshalbleitern\"><div class=\"l-section-overlay\" style=\"background:var(--color-header-middle-bg)\"><\/div><div class=\"l-section-h i-cf\"><div class=\"g-cols vc_row via_grid cols_2 laptops-cols_inherit tablets-cols_inherit mobiles-cols_1 valign_top type_default stacking_default\"><div class=\"wpb_column vc_column_container\"><div class=\"vc_column-inner\"><div class=\"w-image align_none\"><div class=\"w-image-h\"><img loading=\"lazy\" decoding=\"async\" width=\"760\" height=\"507\" src=\"https:\/\/www.cpowerlabs.com\/wp-content\/uploads\/2022\/02\/power_semiconductors_01.jpg\" class=\"attachment-full size-full\" alt=\"\" srcset=\"https:\/\/www.cpowerlabs.com\/wp-content\/uploads\/2022\/02\/power_semiconductors_01.jpg 760w, https:\/\/www.cpowerlabs.com\/wp-content\/uploads\/2022\/02\/power_semiconductors_01-300x200.jpg 300w\" sizes=\"auto, (max-width: 760px) 100vw, 760px\" \/><\/div><\/div><\/div><\/div><div class=\"wpb_column vc_column_container\"><div class=\"vc_column-inner\"><div class=\"wpb_text_column\"><div class=\"wpb_wrapper\"><h3><strong>Charakterisierung von Leistungshalbleitern<\/strong><\/h3>\n<\/div><\/div><div class=\"w-separator size_small\"><\/div><div class=\"wpb_text_column\"><div class=\"wpb_wrapper\"><ul>\n<li>Statische und dynamische Charakterisierung von Leistungshalbleiterbauelementen in enger Abstimmung mit unseren Kunden<\/li>\n<li>Curve-Tracer-Ausr\u00fcstung bis zu 10 kV und 1500 A verf\u00fcgbar<\/li>\n<li>Kurzschluss-, Avalanche,- (ungeklemmtes induktives Schalten) und Sto\u00dfstrommessungen<\/li>\n<li>Verschiedene Typen von SMUs zur pr\u00e4zisen Bauteilvermessung (Source-Measurement-Units) verf\u00fcgbar: einfach, doppelt<\/li>\n<\/ul>\n<\/div><\/div><\/div><\/div><\/div><\/div><\/section><section class=\"l-section wpb_row height_medium\" id=\"analysis-power\"><div class=\"l-section-overlay\" style=\"background:var(--color-content-bg-alt)\"><\/div><div class=\"l-section-h i-cf\"><div class=\"g-cols vc_row via_grid cols_2 laptops-cols_inherit tablets-cols_inherit mobiles-cols_1 valign_top type_default stacking_default\"><div class=\"wpb_column vc_column_container\"><div class=\"vc_column-inner\"><div class=\"wpb_text_column\"><div class=\"wpb_wrapper\"><h3><strong>Fehleranalyse von Leistungshalbleiter-Bauelementen<\/strong><\/h3>\n<\/div><\/div><div class=\"w-separator size_small\"><\/div><div class=\"wpb_text_column\"><div class=\"wpb_wrapper\"><ul>\n<li>Akustische Rastermikroskopie von diskreten Komponenten und Leistungsmodulen<\/li>\n<li>Optische Mikroskopie<\/li>\n<li>Bond-Wire-Pull-Tester mit Mapping<\/li>\n<li>Entkapselung von Geh\u00e4usen (Form, Silikon)<\/li>\n<\/ul>\n<\/div><\/div><\/div><\/div><div class=\"wpb_column vc_column_container\"><div class=\"vc_column-inner\"><div class=\"w-image align_none\"><div class=\"w-image-h\"><img loading=\"lazy\" decoding=\"async\" width=\"760\" height=\"507\" src=\"https:\/\/www.cpowerlabs.com\/wp-content\/uploads\/2022\/02\/analysis_01.jpg\" class=\"attachment-full size-full\" alt=\"\" srcset=\"https:\/\/www.cpowerlabs.com\/wp-content\/uploads\/2022\/02\/analysis_01.jpg 760w, https:\/\/www.cpowerlabs.com\/wp-content\/uploads\/2022\/02\/analysis_01-300x200.jpg 300w\" sizes=\"auto, (max-width: 760px) 100vw, 760px\" \/><\/div><\/div><\/div><\/div><\/div><\/div><\/section><section class=\"l-section wpb_row height_medium\"><div class=\"l-section-h i-cf\"><div class=\"g-cols vc_row via_grid cols_1 laptops-cols_inherit tablets-cols_inherit mobiles-cols_1 valign_top type_default stacking_default\"><div class=\"wpb_column vc_column_container\"><div class=\"vc_column-inner\"><\/div><\/div><\/div><\/div><\/section>\n","protected":false},"excerpt":{"rendered":"DienstleistungenWir bieten verschiedene Dienstleistungen an, die sich auf die Pr\u00fcfung der Zuverl\u00e4ssigkeit und Robustheit von Leistungshalbleiter-Bauteilen konzentrieren, wobei wir hierbei alle ben\u00f6tigten Packages oder Halbleitermaterialien abdecken k\u00f6nnen. Je nach Kundenwunsch k\u00f6nnen wir auch neue Testmethoden entwickeln, um spezifische und individuelle Anforderungen zu erf\u00fcllen. F\u00fcr weitere Informationen kontaktieren Sie uns gern. Die folgenden Abschnitte zeigen einen...","protected":false},"author":1,"featured_media":0,"parent":0,"menu_order":0,"comment_status":"closed","ping_status":"closed","template":"","meta":{"inline_featured_image":false,"footnotes":""},"class_list":["post-400","page","type-page","status-publish","hentry"],"yoast_head":"<!-- This site is optimized with the Yoast SEO plugin v27.5 - https:\/\/yoast.com\/product\/yoast-seo-wordpress\/ -->\n<title>Dienstleistungen - Chemnitz Power Labs<\/title>\n<meta name=\"robots\" content=\"index, follow, max-snippet:-1, max-image-preview:large, max-video-preview:-1\" \/>\n<link rel=\"canonical\" href=\"https:\/\/www.cpowerlabs.com\/de\/dienstleistungen\/\" \/>\n<meta property=\"og:locale\" content=\"de_DE\" \/>\n<meta property=\"og:type\" content=\"article\" \/>\n<meta property=\"og:title\" content=\"Dienstleistungen - Chemnitz Power Labs\" \/>\n<meta property=\"og:url\" content=\"https:\/\/www.cpowerlabs.com\/de\/dienstleistungen\/\" \/>\n<meta property=\"og:site_name\" content=\"Chemnitz Power Labs\" \/>\n<meta property=\"article:modified_time\" content=\"2026-02-16T13:12:59+00:00\" \/>\n<meta name=\"twitter:card\" content=\"summary_large_image\" \/>\n<meta name=\"twitter:label1\" content=\"Gesch\u00e4tzte Lesezeit\" \/>\n\t<meta name=\"twitter:data1\" content=\"2\u00a0Minuten\" \/>\n<script type=\"application\/ld+json\" class=\"yoast-schema-graph\">{\"@context\":\"https:\\\/\\\/schema.org\",\"@graph\":[{\"@type\":\"WebPage\",\"@id\":\"https:\\\/\\\/www.cpowerlabs.com\\\/de\\\/dienstleistungen\\\/\",\"url\":\"https:\\\/\\\/www.cpowerlabs.com\\\/de\\\/dienstleistungen\\\/\",\"name\":\"Dienstleistungen - Chemnitz Power Labs\",\"isPartOf\":{\"@id\":\"https:\\\/\\\/www.cpowerlabs.com\\\/de\\\/#website\"},\"datePublished\":\"2022-02-24T15:19:43+00:00\",\"dateModified\":\"2026-02-16T13:12:59+00:00\",\"breadcrumb\":{\"@id\":\"https:\\\/\\\/www.cpowerlabs.com\\\/de\\\/dienstleistungen\\\/#breadcrumb\"},\"inLanguage\":\"de\",\"potentialAction\":[{\"@type\":\"ReadAction\",\"target\":[\"https:\\\/\\\/www.cpowerlabs.com\\\/de\\\/dienstleistungen\\\/\"]}]},{\"@type\":\"BreadcrumbList\",\"@id\":\"https:\\\/\\\/www.cpowerlabs.com\\\/de\\\/dienstleistungen\\\/#breadcrumb\",\"itemListElement\":[{\"@type\":\"ListItem\",\"position\":1,\"name\":\"Home\",\"item\":\"https:\\\/\\\/www.cpowerlabs.com\\\/de\\\/\"},{\"@type\":\"ListItem\",\"position\":2,\"name\":\"Dienstleistungen\"}]},{\"@type\":\"WebSite\",\"@id\":\"https:\\\/\\\/www.cpowerlabs.com\\\/de\\\/#website\",\"url\":\"https:\\\/\\\/www.cpowerlabs.com\\\/de\\\/\",\"name\":\"Chemnitz Power Labs\",\"description\":\"Your testing partner for Power Semiconductors\",\"potentialAction\":[{\"@type\":\"SearchAction\",\"target\":{\"@type\":\"EntryPoint\",\"urlTemplate\":\"https:\\\/\\\/www.cpowerlabs.com\\\/de\\\/?s={search_term_string}\"},\"query-input\":{\"@type\":\"PropertyValueSpecification\",\"valueRequired\":true,\"valueName\":\"search_term_string\"}}],\"inLanguage\":\"de\"}]}<\/script>\n<!-- \/ Yoast SEO plugin. -->","yoast_head_json":{"title":"Dienstleistungen - Chemnitz Power Labs","robots":{"index":"index","follow":"follow","max-snippet":"max-snippet:-1","max-image-preview":"max-image-preview:large","max-video-preview":"max-video-preview:-1"},"canonical":"https:\/\/www.cpowerlabs.com\/de\/dienstleistungen\/","og_locale":"de_DE","og_type":"article","og_title":"Dienstleistungen - Chemnitz Power Labs","og_url":"https:\/\/www.cpowerlabs.com\/de\/dienstleistungen\/","og_site_name":"Chemnitz Power Labs","article_modified_time":"2026-02-16T13:12:59+00:00","twitter_card":"summary_large_image","twitter_misc":{"Gesch\u00e4tzte Lesezeit":"2\u00a0Minuten"},"schema":{"@context":"https:\/\/schema.org","@graph":[{"@type":"WebPage","@id":"https:\/\/www.cpowerlabs.com\/de\/dienstleistungen\/","url":"https:\/\/www.cpowerlabs.com\/de\/dienstleistungen\/","name":"Dienstleistungen - Chemnitz Power Labs","isPartOf":{"@id":"https:\/\/www.cpowerlabs.com\/de\/#website"},"datePublished":"2022-02-24T15:19:43+00:00","dateModified":"2026-02-16T13:12:59+00:00","breadcrumb":{"@id":"https:\/\/www.cpowerlabs.com\/de\/dienstleistungen\/#breadcrumb"},"inLanguage":"de","potentialAction":[{"@type":"ReadAction","target":["https:\/\/www.cpowerlabs.com\/de\/dienstleistungen\/"]}]},{"@type":"BreadcrumbList","@id":"https:\/\/www.cpowerlabs.com\/de\/dienstleistungen\/#breadcrumb","itemListElement":[{"@type":"ListItem","position":1,"name":"Home","item":"https:\/\/www.cpowerlabs.com\/de\/"},{"@type":"ListItem","position":2,"name":"Dienstleistungen"}]},{"@type":"WebSite","@id":"https:\/\/www.cpowerlabs.com\/de\/#website","url":"https:\/\/www.cpowerlabs.com\/de\/","name":"Chemnitz Power Labs","description":"Your testing partner for Power Semiconductors","potentialAction":[{"@type":"SearchAction","target":{"@type":"EntryPoint","urlTemplate":"https:\/\/www.cpowerlabs.com\/de\/?s={search_term_string}"},"query-input":{"@type":"PropertyValueSpecification","valueRequired":true,"valueName":"search_term_string"}}],"inLanguage":"de"}]}},"_links":{"self":[{"href":"https:\/\/www.cpowerlabs.com\/de\/wp-json\/wp\/v2\/pages\/400","targetHints":{"allow":["GET"]}}],"collection":[{"href":"https:\/\/www.cpowerlabs.com\/de\/wp-json\/wp\/v2\/pages"}],"about":[{"href":"https:\/\/www.cpowerlabs.com\/de\/wp-json\/wp\/v2\/types\/page"}],"author":[{"embeddable":true,"href":"https:\/\/www.cpowerlabs.com\/de\/wp-json\/wp\/v2\/users\/1"}],"replies":[{"embeddable":true,"href":"https:\/\/www.cpowerlabs.com\/de\/wp-json\/wp\/v2\/comments?post=400"}],"version-history":[{"count":36,"href":"https:\/\/www.cpowerlabs.com\/de\/wp-json\/wp\/v2\/pages\/400\/revisions"}],"predecessor-version":[{"id":949,"href":"https:\/\/www.cpowerlabs.com\/de\/wp-json\/wp\/v2\/pages\/400\/revisions\/949"}],"wp:attachment":[{"href":"https:\/\/www.cpowerlabs.com\/de\/wp-json\/wp\/v2\/media?parent=400"}],"curies":[{"name":"wp","href":"https:\/\/api.w.org\/{rel}","templated":true}]}}