{"id":406,"date":"2022-02-07T18:34:22","date_gmt":"2022-02-07T17:34:22","guid":{"rendered":"https:\/\/www.cpowerlabs.com\/firma\/"},"modified":"2023-09-05T12:48:40","modified_gmt":"2023-09-05T10:48:40","slug":"firma","status":"publish","type":"page","link":"https:\/\/www.cpowerlabs.com\/de\/firma\/","title":{"rendered":"Firma"},"content":{"rendered":"<section class=\"l-section wpb_row cabecera-paginas height_small color_primary with_img\"><div class=\"l-section-img\" role=\"img\" data-img-width=\"\" data-img-height=\"\" style=\"background-image: url(https:\/\/www.cpowerlabs.com\/wp-content\/uploads\/2022\/02\/fractal-background.svg);background-position: top center;background-repeat: no-repeat;\"><\/div><div class=\"l-section-h i-cf\"><div class=\"g-cols vc_row via_grid cols_1 laptops-cols_inherit tablets-cols_inherit mobiles-cols_1 valign_top type_default stacking_default\"><div class=\"wpb_column vc_column_container\"><div class=\"vc_column-inner\"><h1 class=\"w-post-elm post_title us_custom_b176824e entry-title color_link_inherit\">Firma<\/h1><\/div><\/div><\/div><\/div><\/section><section class=\"l-section wpb_row height_medium\"><div class=\"l-section-h i-cf\"><div class=\"g-cols vc_row via_grid cols_2 laptops-cols_inherit tablets-cols_inherit mobiles-cols_1 valign_middle type_default stacking_default\"><div class=\"wpb_column vc_column_container\"><div class=\"vc_column-inner\"><div class=\"wpb_text_column us_custom_67b6827d\"><div class=\"wpb_wrapper\"><p>Wer wir sind<\/p>\n<\/div><\/div><div class=\"w-separator size_medium\"><\/div><div class=\"wpb_text_column\"><div class=\"wpb_wrapper\"><p>Der Markt f\u00fcr Leistungselektronik w\u00e4chst stark, angetrieben durch den Ausbau der erneuerbaren Energien, die Automobilindustrie und weitere Automatisierungen und Effizienzverbesserungen in der Industrie. Vor diesem Hintergrund wurde im November 2021 die <strong>Chemnitz Power Labs GmbH<\/strong> als Spin-Off der Professur f\u00fcr Leistungselektronik an der Technischen Universit\u00e4t Chemnitz gegr\u00fcndet. Die bisher gewonnenen umfangreichen Kenntnisse und Erfahrungen sollen dazu genutzt werden, unsere Kunden dabei zu unterst\u00fctzen, ihre Produkte robuster und zuverl\u00e4ssiger zu machen<sub>.<\/sub>   <\/p>\n<p>Eine enge Verbindung zwischen Chemnitz Power Labs und der Professur ist nach wie vor gegeben, um das Beste aus beiden Einrichtungen zu kombinieren, was sich auch in der r\u00e4umlichen N\u00e4he des Unternehmens zur Professur widerspiegelt.<\/p>\n<p>Die 3 Gr\u00fcnder verf\u00fcgen \u00fcber fundierte Kenntnisse auf dem Gebiet der <strong>Leistungselektronik<\/strong>, der Zuverl\u00e4ssigkeitspr\u00fcfung und des Schaltungsdesigns. Neben Dienstleistungen im Bereich der Zuverl\u00e4ssigkeit (Lastwechsel, Gate-Stresstests, usw.) sind auch eigene Produkte auf dem Weg.<\/p>\n<\/div><\/div><\/div><\/div><div class=\"wpb_column vc_column_container\"><div class=\"vc_column-inner\"><div class=\"w-image align_none\"><div class=\"w-image-h\"><img loading=\"lazy\" decoding=\"async\" width=\"544\" height=\"667\" src=\"https:\/\/www.cpowerlabs.com\/wp-content\/uploads\/2022\/02\/who-we-are-01.jpg\" class=\"attachment-full size-full\" alt=\"\" srcset=\"https:\/\/www.cpowerlabs.com\/wp-content\/uploads\/2022\/02\/who-we-are-01.jpg 544w, https:\/\/www.cpowerlabs.com\/wp-content\/uploads\/2022\/02\/who-we-are-01-245x300.jpg 245w\" sizes=\"auto, (max-width: 544px) 100vw, 544px\" \/><\/div><\/div><\/div><\/div><\/div><\/div><\/section>\n","protected":false},"excerpt":{"rendered":"FirmaWer wir sind Der Markt f\u00fcr Leistungselektronik w\u00e4chst stark, angetrieben durch den Ausbau der erneuerbaren Energien, die Automobilindustrie und weitere Automatisierungen und Effizienzverbesserungen in der Industrie. Vor diesem Hintergrund wurde im November 2021 die Chemnitz Power Labs GmbH als Spin-Off der Professur f\u00fcr Leistungselektronik an der Technischen Universit\u00e4t Chemnitz gegr\u00fcndet. Die bisher gewonnenen umfangreichen Kenntnisse...","protected":false},"author":1,"featured_media":0,"parent":0,"menu_order":0,"comment_status":"closed","ping_status":"closed","template":"","meta":{"inline_featured_image":false,"footnotes":""},"class_list":["post-406","page","type-page","status-publish","hentry"],"yoast_head":"<!-- This site is optimized with the Yoast SEO plugin v27.4 - https:\/\/yoast.com\/product\/yoast-seo-wordpress\/ -->\n<title>Firma - Chemnitz Power Labs<\/title>\n<meta name=\"robots\" content=\"index, follow, max-snippet:-1, max-image-preview:large, max-video-preview:-1\" \/>\n<link rel=\"canonical\" href=\"https:\/\/www.cpowerlabs.com\/de\/firma\/\" \/>\n<meta property=\"og:locale\" content=\"de_DE\" \/>\n<meta property=\"og:type\" content=\"article\" \/>\n<meta property=\"og:title\" content=\"Firma - Chemnitz Power Labs\" \/>\n<meta property=\"og:url\" content=\"https:\/\/www.cpowerlabs.com\/de\/firma\/\" \/>\n<meta property=\"og:site_name\" content=\"Chemnitz Power Labs\" \/>\n<meta property=\"article:modified_time\" content=\"2023-09-05T10:48:40+00:00\" \/>\n<meta name=\"twitter:card\" content=\"summary_large_image\" \/>\n<meta name=\"twitter:label1\" content=\"Gesch\u00e4tzte Lesezeit\" \/>\n\t<meta name=\"twitter:data1\" content=\"1\u00a0Minute\" \/>\n<script type=\"application\/ld+json\" class=\"yoast-schema-graph\">{\"@context\":\"https:\\\/\\\/schema.org\",\"@graph\":[{\"@type\":\"WebPage\",\"@id\":\"https:\\\/\\\/www.cpowerlabs.com\\\/de\\\/firma\\\/\",\"url\":\"https:\\\/\\\/www.cpowerlabs.com\\\/de\\\/firma\\\/\",\"name\":\"Firma - Chemnitz Power Labs\",\"isPartOf\":{\"@id\":\"https:\\\/\\\/www.cpowerlabs.com\\\/de\\\/#website\"},\"datePublished\":\"2022-02-07T17:34:22+00:00\",\"dateModified\":\"2023-09-05T10:48:40+00:00\",\"breadcrumb\":{\"@id\":\"https:\\\/\\\/www.cpowerlabs.com\\\/de\\\/firma\\\/#breadcrumb\"},\"inLanguage\":\"de\",\"potentialAction\":[{\"@type\":\"ReadAction\",\"target\":[\"https:\\\/\\\/www.cpowerlabs.com\\\/de\\\/firma\\\/\"]}]},{\"@type\":\"BreadcrumbList\",\"@id\":\"https:\\\/\\\/www.cpowerlabs.com\\\/de\\\/firma\\\/#breadcrumb\",\"itemListElement\":[{\"@type\":\"ListItem\",\"position\":1,\"name\":\"Home\",\"item\":\"https:\\\/\\\/www.cpowerlabs.com\\\/de\\\/\"},{\"@type\":\"ListItem\",\"position\":2,\"name\":\"Firma\"}]},{\"@type\":\"WebSite\",\"@id\":\"https:\\\/\\\/www.cpowerlabs.com\\\/de\\\/#website\",\"url\":\"https:\\\/\\\/www.cpowerlabs.com\\\/de\\\/\",\"name\":\"Chemnitz Power Labs\",\"description\":\"Your testing partner for Power Semiconductors\",\"potentialAction\":[{\"@type\":\"SearchAction\",\"target\":{\"@type\":\"EntryPoint\",\"urlTemplate\":\"https:\\\/\\\/www.cpowerlabs.com\\\/de\\\/?s={search_term_string}\"},\"query-input\":{\"@type\":\"PropertyValueSpecification\",\"valueRequired\":true,\"valueName\":\"search_term_string\"}}],\"inLanguage\":\"de\"}]}<\/script>\n<!-- \/ Yoast SEO plugin. -->","yoast_head_json":{"title":"Firma - Chemnitz Power Labs","robots":{"index":"index","follow":"follow","max-snippet":"max-snippet:-1","max-image-preview":"max-image-preview:large","max-video-preview":"max-video-preview:-1"},"canonical":"https:\/\/www.cpowerlabs.com\/de\/firma\/","og_locale":"de_DE","og_type":"article","og_title":"Firma - Chemnitz Power Labs","og_url":"https:\/\/www.cpowerlabs.com\/de\/firma\/","og_site_name":"Chemnitz Power Labs","article_modified_time":"2023-09-05T10:48:40+00:00","twitter_card":"summary_large_image","twitter_misc":{"Gesch\u00e4tzte Lesezeit":"1\u00a0Minute"},"schema":{"@context":"https:\/\/schema.org","@graph":[{"@type":"WebPage","@id":"https:\/\/www.cpowerlabs.com\/de\/firma\/","url":"https:\/\/www.cpowerlabs.com\/de\/firma\/","name":"Firma - Chemnitz Power Labs","isPartOf":{"@id":"https:\/\/www.cpowerlabs.com\/de\/#website"},"datePublished":"2022-02-07T17:34:22+00:00","dateModified":"2023-09-05T10:48:40+00:00","breadcrumb":{"@id":"https:\/\/www.cpowerlabs.com\/de\/firma\/#breadcrumb"},"inLanguage":"de","potentialAction":[{"@type":"ReadAction","target":["https:\/\/www.cpowerlabs.com\/de\/firma\/"]}]},{"@type":"BreadcrumbList","@id":"https:\/\/www.cpowerlabs.com\/de\/firma\/#breadcrumb","itemListElement":[{"@type":"ListItem","position":1,"name":"Home","item":"https:\/\/www.cpowerlabs.com\/de\/"},{"@type":"ListItem","position":2,"name":"Firma"}]},{"@type":"WebSite","@id":"https:\/\/www.cpowerlabs.com\/de\/#website","url":"https:\/\/www.cpowerlabs.com\/de\/","name":"Chemnitz Power Labs","description":"Your testing partner for Power Semiconductors","potentialAction":[{"@type":"SearchAction","target":{"@type":"EntryPoint","urlTemplate":"https:\/\/www.cpowerlabs.com\/de\/?s={search_term_string}"},"query-input":{"@type":"PropertyValueSpecification","valueRequired":true,"valueName":"search_term_string"}}],"inLanguage":"de"}]}},"_links":{"self":[{"href":"https:\/\/www.cpowerlabs.com\/de\/wp-json\/wp\/v2\/pages\/406","targetHints":{"allow":["GET"]}}],"collection":[{"href":"https:\/\/www.cpowerlabs.com\/de\/wp-json\/wp\/v2\/pages"}],"about":[{"href":"https:\/\/www.cpowerlabs.com\/de\/wp-json\/wp\/v2\/types\/page"}],"author":[{"embeddable":true,"href":"https:\/\/www.cpowerlabs.com\/de\/wp-json\/wp\/v2\/users\/1"}],"replies":[{"embeddable":true,"href":"https:\/\/www.cpowerlabs.com\/de\/wp-json\/wp\/v2\/comments?post=406"}],"version-history":[{"count":15,"href":"https:\/\/www.cpowerlabs.com\/de\/wp-json\/wp\/v2\/pages\/406\/revisions"}],"predecessor-version":[{"id":538,"href":"https:\/\/www.cpowerlabs.com\/de\/wp-json\/wp\/v2\/pages\/406\/revisions\/538"}],"wp:attachment":[{"href":"https:\/\/www.cpowerlabs.com\/de\/wp-json\/wp\/v2\/media?parent=406"}],"curies":[{"name":"wp","href":"https:\/\/api.w.org\/{rel}","templated":true}]}}