{"id":412,"date":"2022-02-24T15:36:13","date_gmt":"2022-02-24T14:36:13","guid":{"rendered":"https:\/\/www.cpowerlabs.com\/karriere\/"},"modified":"2023-11-13T15:52:47","modified_gmt":"2023-11-13T14:52:47","slug":"karriere","status":"publish","type":"page","link":"https:\/\/www.cpowerlabs.com\/de\/karriere\/","title":{"rendered":"Karriere"},"content":{"rendered":"<section class=\"l-section wpb_row cabecera-paginas height_small color_primary with_img\"><div class=\"l-section-img\" role=\"img\" data-img-width=\"\" data-img-height=\"\" style=\"background-image: url(https:\/\/www.cpowerlabs.com\/wp-content\/uploads\/2022\/02\/fractal-background.svg);background-position: top center;background-repeat: no-repeat;\"><\/div><div class=\"l-section-h i-cf\"><div class=\"g-cols vc_row via_grid cols_1 laptops-cols_inherit tablets-cols_inherit mobiles-cols_1 valign_top type_default stacking_default\"><div class=\"wpb_column vc_column_container\"><div class=\"vc_column-inner\"><h1 class=\"w-post-elm post_title us_custom_b176824e entry-title color_link_inherit\">Karriere<\/h1><\/div><\/div><\/div><\/div><\/section><section class=\"l-section wpb_row height_medium\"><div class=\"l-section-h i-cf\"><div class=\"g-cols vc_row via_grid cols_2 laptops-cols_inherit tablets-cols_inherit mobiles-cols_1 valign_top type_default stacking_default\"><div class=\"wpb_column vc_column_container\"><div class=\"vc_column-inner\"><div class=\"w-image us_custom_3000a3fb align_none\"><div class=\"w-image-h\"><img decoding=\"async\" src=\"https:\/\/www.cpowerlabs.com\/wp-content\/uploads\/2022\/02\/icono-carrers.svg\" class=\"attachment-full size-full\" alt=\"\" \/><\/div><\/div><div class=\"w-separator size_small\"><\/div><div class=\"wpb_text_column\"><div class=\"wpb_wrapper\"><h2><strong>Lassen Sie uns gemeinsam etwas bewegen<\/strong><\/h2>\n<p>Wir suchen leidenschaftliche Mitarbeiter mit einer Affinit\u00e4t zur Leistungselektronikbranche und dem starken Wunsch, unseren Kunden Qualit\u00e4t zu liefern. Wir bieten ein junges und innovatives Arbeitsumfeld, die M\u00f6glichkeit, sowohl im Wissen als auch in der Verantwortung zu wachsen, und vor allem eine offene T\u00fcr f\u00fcr Kreativit\u00e4t. Bei uns sind Ihre Ideen immer willkommen und gemeinsam k\u00f6nnen wir sie in Produkte und Dienstleistungen zur Verbesserung der Leistungselektronikindustrie umsetzen.<\/p>\n<p>Kontaktieren Sie uns einfach unter <a href=\"mailto:jobs@cpowerlabs.com\">jobs@cpowerlabs.com<\/a> oder f\u00fcllen Sie das Formular aus.<\/p>\n<\/div><\/div><\/div><\/div><div class=\"wpb_column vc_column_container\"><div class=\"vc_column-inner\">\n<div class=\"wpcf7 no-js\" id=\"wpcf7-f185-o1\" lang=\"en-US\" dir=\"ltr\" data-wpcf7-id=\"185\">\n<div class=\"screen-reader-response\"><p role=\"status\" aria-live=\"polite\" aria-atomic=\"true\"><\/p> <ul><\/ul><\/div>\n<form action=\"\/de\/wp-json\/wp\/v2\/pages\/412#wpcf7-f185-o1\" method=\"post\" class=\"wpcf7-form init\" aria-label=\"Contact form\" enctype=\"multipart\/form-data\" novalidate=\"novalidate\" data-status=\"init\">\n<fieldset class=\"hidden-fields-container\"><input type=\"hidden\" name=\"_wpcf7\" value=\"185\" \/><input type=\"hidden\" name=\"_wpcf7_version\" value=\"6.1.5\" \/><input type=\"hidden\" name=\"_wpcf7_locale\" value=\"en_US\" \/><input type=\"hidden\" name=\"_wpcf7_unit_tag\" value=\"wpcf7-f185-o1\" \/><input type=\"hidden\" name=\"_wpcf7_container_post\" value=\"0\" \/><input type=\"hidden\" name=\"_wpcf7_posted_data_hash\" value=\"\" \/>\n<\/fieldset>\n<p><label> Full Name<br \/>\n<span class=\"wpcf7-form-control-wrap\" data-name=\"job_name\"><input size=\"40\" maxlength=\"400\" class=\"wpcf7-form-control wpcf7-text wpcf7-validates-as-required\" aria-required=\"true\" aria-invalid=\"false\" value=\"\" type=\"text\" name=\"job_name\" \/><\/span> <\/label>\n<\/p>\n<p><label> Email<br \/>\n<span class=\"wpcf7-form-control-wrap\" data-name=\"job_email\"><input size=\"40\" maxlength=\"400\" class=\"wpcf7-form-control wpcf7-email wpcf7-validates-as-required wpcf7-text wpcf7-validates-as-email\" aria-required=\"true\" aria-invalid=\"false\" value=\"\" type=\"email\" name=\"job_email\" \/><\/span> <\/label>\n<\/p>\n<p><label> Telephone<br \/>\n<span class=\"wpcf7-form-control-wrap\" data-name=\"telephone\"><input size=\"40\" maxlength=\"400\" class=\"wpcf7-form-control wpcf7-tel wpcf7-validates-as-required wpcf7-text wpcf7-validates-as-tel\" aria-required=\"true\" aria-invalid=\"false\" value=\"\" type=\"tel\" name=\"telephone\" \/><\/span> <\/label>\n<\/p>\n<p><label> Add your resume<br \/>\n<span class=\"wpcf7-form-control-wrap\" data-name=\"cv\"><input size=\"40\" class=\"wpcf7-form-control wpcf7-file wpcf7-validates-as-required\" accept=\".doc,.docx,.pdf\" aria-required=\"true\" aria-invalid=\"false\" type=\"file\" name=\"cv\" \/><\/span> <\/label>\n<\/p>\n<p><label> Tell us more about yourself (optional)<br \/>\n<span class=\"wpcf7-form-control-wrap\" data-name=\"message\"><textarea cols=\"40\" rows=\"10\" maxlength=\"2000\" class=\"wpcf7-form-control wpcf7-textarea\" aria-invalid=\"false\" name=\"message\"><\/textarea><\/span> <\/label>\n<\/p>\n<p><input class=\"wpcf7-form-control wpcf7-submit has-spinner\" type=\"submit\" value=\"Submit\" \/>\n<\/p><div class=\"wpcf7-response-output\" aria-hidden=\"true\"><\/div>\n<\/form>\n<\/div>\n<\/div><\/div><\/div><\/div><\/section><section class=\"l-section wpb_row height_medium\"><div class=\"l-section-h i-cf\"><div class=\"g-cols vc_row via_grid cols_1 laptops-cols_inherit tablets-cols_inherit mobiles-cols_1 valign_top type_default stacking_default\" style=\"--gap:1rem;\"><div class=\"wpb_column vc_column_container\"><div class=\"vc_column-inner\"><div class=\"w-grid type_grid layout_643 cols_3 overflow_hidden\" id=\"us_grid_1\" style=\"--gap:1.40rem;\" data-filterable=\"true\"><style>@media (max-width:1024px){#us_grid_1 .w-grid-item{width:50%}}@media (max-width:600px){#us_grid_1 .w-grid-list{margin:0}#us_grid_1 .w-grid-item{width:100%;padding:0;margin-bottom:var(--gap,0px)}}.layout_643 .w-grid-item-h{background:var(--color-content-bg);color:var(--color-content-text);border-radius:0.3rem;box-shadow:0 0.03rem 0.06rem rgba(0,0,0,0.1),0 0.1rem 0.3rem rgba(0,0,0,0.1);transition-duration:0.3s}.no-touch .layout_643 .w-grid-item-h:hover{box-shadow:0 0.1rem 0.2rem rgba(0,0,0,0.1),0 0.33rem 1rem rgba(0,0,0,0.15);z-index:4}.layout_643 .usg_post_image_1{margin-bottom:-2rem!important}.layout_643 .usg_post_title_1{font-size:1.3rem!important;font-weight:700!important}.layout_643 .usg_vwrapper_1{margin-top:2rem!important;padding:9% 11% 11% 11%!important}.layout_643 .usg_post_taxonomy_1{font-weight:700!important;text-transform:uppercase!important;font-size:10px!important;position:absolute!important;z-index:2!important;top:1.2rem!important;right:1.2rem!important;left:1.2rem!important}@media (max-width:600px){.layout_643 .usg_post_title_1{font-size:1.2rem!important}}<\/style><div class=\"w-grid-list\">\t<article class=\"w-grid-item size_1x1 post-739 jobs type-jobs status-publish has-post-thumbnail hentry category_job-design-de\" data-id=\"739\">\r\n\t\t<div class=\"w-grid-item-h\">\r\n\t\t\t\t\t\t<div class=\"w-post-elm post_image usg_post_image_1 stretched\"><a href=\"https:\/\/www.cpowerlabs.com\/de\/jobs\/techniker-leistungselektronik\/\" aria-label=\"Techniker \u2013 Leistungselektronik (m\/w\/d)\"><img loading=\"lazy\" decoding=\"async\" width=\"450\" height=\"300\" src=\"https:\/\/www.cpowerlabs.com\/wp-content\/uploads\/2023\/09\/Electronica.png\" class=\"attachment-large size-large wp-post-image\" alt=\"\" srcset=\"https:\/\/www.cpowerlabs.com\/wp-content\/uploads\/2023\/09\/Electronica.png 450w, https:\/\/www.cpowerlabs.com\/wp-content\/uploads\/2023\/09\/Electronica-300x200.png 300w\" sizes=\"auto, (max-width: 450px) 100vw, 450px\" \/><\/a><\/div><div class=\"w-vwrapper usg_vwrapper_1 align_none valign_top\"><h2 class=\"w-post-elm post_title usg_post_title_1 entry-title color_link_inherit\"><a href=\"https:\/\/www.cpowerlabs.com\/de\/jobs\/techniker-leistungselektronik\/\">Techniker \u2013 Leistungselektronik (m\/w\/d)<\/a><\/h2><div class=\"w-post-elm post_content usg_post_content_1\">Du arbeitest gern in einem engagierten, jungen Team und willst eine zentrale Rolle bei der Erprobung von Leistungselektronik und dem&hellip;<\/div><\/div>\t\t<\/div>\r\n\t<\/article>\r\n\t<article class=\"w-grid-item size_1x1 post-751 jobs type-jobs status-publish has-post-thumbnail hentry category_job-job-de\" data-id=\"751\">\r\n\t\t<div class=\"w-grid-item-h\">\r\n\t\t\t\t\t\t<div class=\"w-post-elm post_image usg_post_image_1 stretched\"><a href=\"https:\/\/www.cpowerlabs.com\/de\/jobs\/laborleiter-leistungselektronik\/\" aria-label=\"Laborleiter- Leistungselektronik (m\/w\/d)\"><img loading=\"lazy\" decoding=\"async\" width=\"450\" height=\"300\" src=\"https:\/\/www.cpowerlabs.com\/wp-content\/uploads\/2023\/09\/Administrativo.png\" class=\"attachment-large size-large wp-post-image\" alt=\"\" srcset=\"https:\/\/www.cpowerlabs.com\/wp-content\/uploads\/2023\/09\/Administrativo.png 450w, https:\/\/www.cpowerlabs.com\/wp-content\/uploads\/2023\/09\/Administrativo-300x200.png 300w\" sizes=\"auto, (max-width: 450px) 100vw, 450px\" \/><\/a><\/div><div class=\"w-vwrapper usg_vwrapper_1 align_none valign_top\"><h2 class=\"w-post-elm post_title usg_post_title_1 entry-title color_link_inherit\"><a href=\"https:\/\/www.cpowerlabs.com\/de\/jobs\/laborleiter-leistungselektronik\/\">Laborleiter- Leistungselektronik (m\/w\/d)<\/a><\/h2><div class=\"w-post-elm post_content usg_post_content_1\">Du m\u00f6chtest ein kleines Team von Technikern f\u00fchren und Arbeitsabl\u00e4ufe im Laborbereich mitgestalten, koordinieren und \u00fcberwachen? Dann bist du bei&hellip;<\/div><\/div>\t\t<\/div>\r\n\t<\/article>\r\n\t<article class=\"w-grid-item size_1x1 post-783 jobs type-jobs status-publish has-post-thumbnail hentry\" data-id=\"783\">\r\n\t\t<div class=\"w-grid-item-h\">\r\n\t\t\t\t\t\t<div class=\"w-post-elm post_image usg_post_image_1 stretched\"><a href=\"https:\/\/www.cpowerlabs.com\/de\/jobs\/stellenausschreibung-entwicklungsingenieur-leistungselektronik-m-w-d\/\" aria-label=\"Entwicklungsingenieur (m\/w\/d) f\u00fcr Zuverl\u00e4ssigkeitstests von Leistungselektronikkomponenten und Pr\u00fcfstands\u00adentwicklung\"><img loading=\"lazy\" decoding=\"async\" width=\"450\" height=\"300\" src=\"https:\/\/www.cpowerlabs.com\/wp-content\/uploads\/2023\/09\/Electronica.png\" class=\"attachment-large size-large wp-post-image\" alt=\"\" srcset=\"https:\/\/www.cpowerlabs.com\/wp-content\/uploads\/2023\/09\/Electronica.png 450w, https:\/\/www.cpowerlabs.com\/wp-content\/uploads\/2023\/09\/Electronica-300x200.png 300w\" sizes=\"auto, (max-width: 450px) 100vw, 450px\" \/><\/a><\/div><div class=\"w-vwrapper usg_vwrapper_1 align_none valign_top\"><h2 class=\"w-post-elm post_title usg_post_title_1 entry-title color_link_inherit\"><a href=\"https:\/\/www.cpowerlabs.com\/de\/jobs\/stellenausschreibung-entwicklungsingenieur-leistungselektronik-m-w-d\/\">Entwicklungsingenieur (m\/w\/d) f\u00fcr Zuverl\u00e4ssigkeitstests von Leistungselektronikkomponenten und Pr\u00fcfstands\u00adentwicklung<\/a><\/h2><div class=\"w-post-elm post_content usg_post_content_1\">Du willst selbst etwas entwickeln, dabei im direkten Austausch mit Kunden stehen und die Verantwortung f\u00fcr den reibungslosen Ablauf von&hellip;<\/div><\/div>\t\t<\/div>\r\n\t<\/article>\r\n\t<article class=\"w-grid-item size_1x1 post-782 jobs type-jobs status-publish has-post-thumbnail hentry\" data-id=\"782\">\r\n\t\t<div class=\"w-grid-item-h\">\r\n\t\t\t\t\t\t<div class=\"w-post-elm post_image usg_post_image_1 stretched\"><a href=\"https:\/\/www.cpowerlabs.com\/de\/jobs\/werkstudent-praktikum-m-w-d\/\" aria-label=\"Werkstudent\/Praktikum (m\/w\/d)\"><img loading=\"lazy\" decoding=\"async\" width=\"450\" height=\"300\" src=\"https:\/\/www.cpowerlabs.com\/wp-content\/uploads\/2023\/09\/Administrativo.png\" class=\"attachment-large size-large wp-post-image\" alt=\"\" srcset=\"https:\/\/www.cpowerlabs.com\/wp-content\/uploads\/2023\/09\/Administrativo.png 450w, https:\/\/www.cpowerlabs.com\/wp-content\/uploads\/2023\/09\/Administrativo-300x200.png 300w\" sizes=\"auto, (max-width: 450px) 100vw, 450px\" \/><\/a><\/div><div class=\"w-vwrapper usg_vwrapper_1 align_none valign_top\"><h2 class=\"w-post-elm post_title usg_post_title_1 entry-title color_link_inherit\"><a href=\"https:\/\/www.cpowerlabs.com\/de\/jobs\/werkstudent-praktikum-m-w-d\/\">Werkstudent\/Praktikum (m\/w\/d)<\/a><\/h2><div class=\"w-post-elm post_content usg_post_content_1\">Du absolviert ein Studium der Fachrichtung Elektrotechnik oder einer \u00e4hnlichen Fachrichtung und suchst ein innovatives und junges Unternehmen, um deine&hellip;<\/div><\/div>\t\t<\/div>\r\n\t<\/article>\r\n\t<article class=\"w-grid-item size_1x1 post-781 jobs type-jobs status-publish has-post-thumbnail hentry\" data-id=\"781\">\r\n\t\t<div class=\"w-grid-item-h\">\r\n\t\t\t\t\t\t<div class=\"w-post-elm post_image usg_post_image_1 stretched\"><a href=\"https:\/\/www.cpowerlabs.com\/de\/jobs\/stellenausschreibung-bachelor-master-arbeit\/\" aria-label=\"Bachelor-\/Master-Arbeit\"><img loading=\"lazy\" decoding=\"async\" width=\"450\" height=\"300\" src=\"https:\/\/www.cpowerlabs.com\/wp-content\/uploads\/2023\/09\/Administrativo.png\" class=\"attachment-large size-large wp-post-image\" alt=\"\" srcset=\"https:\/\/www.cpowerlabs.com\/wp-content\/uploads\/2023\/09\/Administrativo.png 450w, https:\/\/www.cpowerlabs.com\/wp-content\/uploads\/2023\/09\/Administrativo-300x200.png 300w\" sizes=\"auto, (max-width: 450px) 100vw, 450px\" \/><\/a><\/div><div class=\"w-vwrapper usg_vwrapper_1 align_none valign_top\"><h2 class=\"w-post-elm post_title usg_post_title_1 entry-title color_link_inherit\"><a href=\"https:\/\/www.cpowerlabs.com\/de\/jobs\/stellenausschreibung-bachelor-master-arbeit\/\">Bachelor-\/Master-Arbeit<\/a><\/h2><div class=\"w-post-elm post_content usg_post_content_1\">Du absolvierst ein Studium der Fachrichtung Elektrotechnik oder einer \u00e4hnlichen Fachrichtung und suchst ein innovatives und junges Unternehmen f\u00fcr deine&hellip;<\/div><\/div>\t\t<\/div>\r\n\t<\/article>\r\n\t<article class=\"w-grid-item size_1x1 post-842 jobs type-jobs status-publish has-post-thumbnail hentry\" data-id=\"842\">\r\n\t\t<div class=\"w-grid-item-h\">\r\n\t\t\t\t\t\t<div class=\"w-post-elm post_image usg_post_image_1 stretched\"><a href=\"https:\/\/www.cpowerlabs.com\/de\/jobs\/cad-entwickler-leistungselektronik-m-w-d-1\/\" aria-label=\"Erfahrener Konstrukteur &#8211; Leistungselektronik (m\/w\/d)\"><img loading=\"lazy\" decoding=\"async\" width=\"450\" height=\"300\" src=\"https:\/\/www.cpowerlabs.com\/wp-content\/uploads\/2023\/09\/diseno-3D.png\" class=\"attachment-large size-large wp-post-image\" alt=\"\" srcset=\"https:\/\/www.cpowerlabs.com\/wp-content\/uploads\/2023\/09\/diseno-3D.png 450w, https:\/\/www.cpowerlabs.com\/wp-content\/uploads\/2023\/09\/diseno-3D-300x200.png 300w\" sizes=\"auto, (max-width: 450px) 100vw, 450px\" \/><\/a><\/div><div class=\"w-vwrapper usg_vwrapper_1 align_none valign_top\"><h2 class=\"w-post-elm post_title usg_post_title_1 entry-title color_link_inherit\"><a href=\"https:\/\/www.cpowerlabs.com\/de\/jobs\/cad-entwickler-leistungselektronik-m-w-d-1\/\">Erfahrener Konstrukteur &#8211; Leistungselektronik (m\/w\/d)<\/a><\/h2><div class=\"w-post-elm post_content usg_post_content_1\">Du arbeitest gern in einem engagierten, jungen Team und willst eine zentrale Rolle bei der Erprobung von Leistungselektronik und dem&hellip;<\/div><\/div>\t\t<\/div>\r\n\t<\/article>\r\n\t<article class=\"w-grid-item size_1x1 post-699 jobs type-jobs status-publish has-post-thumbnail hentry\" data-id=\"699\">\r\n\t\t<div class=\"w-grid-item-h\">\r\n\t\t\t\t\t\t<div class=\"w-post-elm post_image usg_post_image_1 stretched\"><a href=\"https:\/\/www.cpowerlabs.com\/de\/jobs\/teamassistenz-leistungselektronik\/\" aria-label=\"Teamassistenz (m\/w\/d)\"><img loading=\"lazy\" decoding=\"async\" width=\"450\" height=\"300\" src=\"https:\/\/www.cpowerlabs.com\/wp-content\/uploads\/2023\/09\/Administrativo.png\" class=\"attachment-large size-large wp-post-image\" alt=\"\" srcset=\"https:\/\/www.cpowerlabs.com\/wp-content\/uploads\/2023\/09\/Administrativo.png 450w, https:\/\/www.cpowerlabs.com\/wp-content\/uploads\/2023\/09\/Administrativo-300x200.png 300w\" sizes=\"auto, (max-width: 450px) 100vw, 450px\" \/><\/a><\/div><div class=\"w-vwrapper usg_vwrapper_1 align_none valign_top\"><h2 class=\"w-post-elm post_title usg_post_title_1 entry-title color_link_inherit\"><a href=\"https:\/\/www.cpowerlabs.com\/de\/jobs\/teamassistenz-leistungselektronik\/\">Teamassistenz (m\/w\/d)<\/a><\/h2><div class=\"w-post-elm post_content usg_post_content_1\">Du bist organisiert, kommunikativ und beh\u00e4ltst auch in stressigen Momenten den \u00dcberblick? Dann bist du bei uns genau richtig! Zur&hellip;<\/div><\/div>\t\t<\/div>\r\n\t<\/article>\r\n<\/div><div class=\"w-grid-preloader\">\t<div class=\"g-preloader type_1\">\r\n\t\t<div><\/div>\r\n\t<\/div>\r\n\t<\/div>\t<div class=\"w-grid-json hidden\" onclick='return {&quot;action&quot;:&quot;us_ajax_grid&quot;,&quot;ajax_url&quot;:&quot;https:\\\/\\\/www.cpowerlabs.com\\\/wp-admin\\\/admin-ajax.php&quot;,&quot;infinite_scroll&quot;:0,&quot;max_num_pages&quot;:1,&quot;pagination&quot;:&quot;none&quot;,&quot;template_vars&quot;:{&quot;columns&quot;:&quot;3&quot;,&quot;exclude_items&quot;:&quot;none&quot;,&quot;img_size&quot;:&quot;default&quot;,&quot;ignore_items_size&quot;:0,&quot;items_layout&quot;:&quot;643&quot;,&quot;items_offset&quot;:&quot;1&quot;,&quot;load_animation&quot;:&quot;none&quot;,&quot;overriding_link&quot;:&quot;%7B%22url%22%3A%22%22%7D&quot;,&quot;post_id&quot;:0,&quot;query_args&quot;:{&quot;post_type&quot;:[&quot;jobs&quot;],&quot;post_status&quot;:[&quot;publish&quot;],&quot;posts_per_page&quot;:&quot;10&quot;},&quot;orderby_query_args&quot;:{&quot;orderby&quot;:{&quot;menu_order&quot;:&quot;ASC&quot;},&quot;order&quot;:&quot;ASC&quot;},&quot;type&quot;:&quot;grid&quot;,&quot;us_grid_ajax_index&quot;:1,&quot;us_grid_filter_params&quot;:[],&quot;us_grid_index&quot;:1,&quot;_us_grid_post_type&quot;:&quot;jobs&quot;,&quot;page_args&quot;:[],&quot;lang&quot;:&quot;de&quot;}}'><\/div>\r\n\t<\/div><\/div><\/div><\/div><\/div><\/section>\n","protected":false},"excerpt":{"rendered":"Du bist organisiert, kommunikativ und beh\u00e4ltst auch in stressigen Momenten den \u00dcberblick? Dann bist du bei uns genau richtig! Zur Unterst\u00fctzung unseres Teams suchen wir eine engagierte Teamassistenz (m\/w\/d) als Vollzeitstelle, die uns im Tagesgesch\u00e4ft tatkr\u00e4ftig zur Seite steht. Ob Verwaltung, Organisation oder Kommunikation - deine Unterst\u00fctzung hilft uns, noch effizienter zu arbeiten. \u00dcber uns:...","protected":false},"author":1,"featured_media":0,"parent":0,"menu_order":0,"comment_status":"closed","ping_status":"closed","template":"","meta":{"inline_featured_image":false,"footnotes":""},"class_list":["post-412","page","type-page","status-publish","hentry"],"yoast_head":"<!-- This site is optimized with the Yoast SEO plugin v27.4 - https:\/\/yoast.com\/product\/yoast-seo-wordpress\/ -->\n<title>Karriere - Chemnitz Power Labs<\/title>\n<meta name=\"robots\" content=\"index, follow, max-snippet:-1, max-image-preview:large, max-video-preview:-1\" \/>\n<link rel=\"canonical\" href=\"https:\/\/www.cpowerlabs.com\/de\/karriere\/\" \/>\n<meta property=\"og:locale\" content=\"de_DE\" \/>\n<meta property=\"og:type\" content=\"article\" \/>\n<meta property=\"og:title\" content=\"Karriere - Chemnitz Power Labs\" \/>\n<meta property=\"og:url\" content=\"https:\/\/www.cpowerlabs.com\/de\/karriere\/\" \/>\n<meta property=\"og:site_name\" content=\"Chemnitz Power Labs\" \/>\n<meta property=\"article:modified_time\" content=\"2023-11-13T14:52:47+00:00\" \/>\n<meta name=\"twitter:card\" content=\"summary_large_image\" \/>\n<meta name=\"twitter:label1\" content=\"Gesch\u00e4tzte Lesezeit\" \/>\n\t<meta name=\"twitter:data1\" content=\"1\u00a0Minute\" \/>\n<script type=\"application\/ld+json\" class=\"yoast-schema-graph\">{\"@context\":\"https:\\\/\\\/schema.org\",\"@graph\":[{\"@type\":\"WebPage\",\"@id\":\"https:\\\/\\\/www.cpowerlabs.com\\\/de\\\/karriere\\\/\",\"url\":\"https:\\\/\\\/www.cpowerlabs.com\\\/de\\\/karriere\\\/\",\"name\":\"Karriere - Chemnitz Power Labs\",\"isPartOf\":{\"@id\":\"https:\\\/\\\/www.cpowerlabs.com\\\/de\\\/#website\"},\"datePublished\":\"2022-02-24T14:36:13+00:00\",\"dateModified\":\"2023-11-13T14:52:47+00:00\",\"breadcrumb\":{\"@id\":\"https:\\\/\\\/www.cpowerlabs.com\\\/de\\\/karriere\\\/#breadcrumb\"},\"inLanguage\":\"de\",\"potentialAction\":[{\"@type\":\"ReadAction\",\"target\":[\"https:\\\/\\\/www.cpowerlabs.com\\\/de\\\/karriere\\\/\"]}]},{\"@type\":\"BreadcrumbList\",\"@id\":\"https:\\\/\\\/www.cpowerlabs.com\\\/de\\\/karriere\\\/#breadcrumb\",\"itemListElement\":[{\"@type\":\"ListItem\",\"position\":1,\"name\":\"Home\",\"item\":\"https:\\\/\\\/www.cpowerlabs.com\\\/de\\\/\"},{\"@type\":\"ListItem\",\"position\":2,\"name\":\"Karriere\"}]},{\"@type\":\"WebSite\",\"@id\":\"https:\\\/\\\/www.cpowerlabs.com\\\/de\\\/#website\",\"url\":\"https:\\\/\\\/www.cpowerlabs.com\\\/de\\\/\",\"name\":\"Chemnitz Power Labs\",\"description\":\"Your testing partner for Power Semiconductors\",\"potentialAction\":[{\"@type\":\"SearchAction\",\"target\":{\"@type\":\"EntryPoint\",\"urlTemplate\":\"https:\\\/\\\/www.cpowerlabs.com\\\/de\\\/?s={search_term_string}\"},\"query-input\":{\"@type\":\"PropertyValueSpecification\",\"valueRequired\":true,\"valueName\":\"search_term_string\"}}],\"inLanguage\":\"de\"}]}<\/script>\n<!-- \/ Yoast SEO plugin. -->","yoast_head_json":{"title":"Karriere - Chemnitz Power Labs","robots":{"index":"index","follow":"follow","max-snippet":"max-snippet:-1","max-image-preview":"max-image-preview:large","max-video-preview":"max-video-preview:-1"},"canonical":"https:\/\/www.cpowerlabs.com\/de\/karriere\/","og_locale":"de_DE","og_type":"article","og_title":"Karriere - Chemnitz Power Labs","og_url":"https:\/\/www.cpowerlabs.com\/de\/karriere\/","og_site_name":"Chemnitz Power Labs","article_modified_time":"2023-11-13T14:52:47+00:00","twitter_card":"summary_large_image","twitter_misc":{"Gesch\u00e4tzte Lesezeit":"1\u00a0Minute"},"schema":{"@context":"https:\/\/schema.org","@graph":[{"@type":"WebPage","@id":"https:\/\/www.cpowerlabs.com\/de\/karriere\/","url":"https:\/\/www.cpowerlabs.com\/de\/karriere\/","name":"Karriere - Chemnitz Power Labs","isPartOf":{"@id":"https:\/\/www.cpowerlabs.com\/de\/#website"},"datePublished":"2022-02-24T14:36:13+00:00","dateModified":"2023-11-13T14:52:47+00:00","breadcrumb":{"@id":"https:\/\/www.cpowerlabs.com\/de\/karriere\/#breadcrumb"},"inLanguage":"de","potentialAction":[{"@type":"ReadAction","target":["https:\/\/www.cpowerlabs.com\/de\/karriere\/"]}]},{"@type":"BreadcrumbList","@id":"https:\/\/www.cpowerlabs.com\/de\/karriere\/#breadcrumb","itemListElement":[{"@type":"ListItem","position":1,"name":"Home","item":"https:\/\/www.cpowerlabs.com\/de\/"},{"@type":"ListItem","position":2,"name":"Karriere"}]},{"@type":"WebSite","@id":"https:\/\/www.cpowerlabs.com\/de\/#website","url":"https:\/\/www.cpowerlabs.com\/de\/","name":"Chemnitz Power Labs","description":"Your testing partner for Power Semiconductors","potentialAction":[{"@type":"SearchAction","target":{"@type":"EntryPoint","urlTemplate":"https:\/\/www.cpowerlabs.com\/de\/?s={search_term_string}"},"query-input":{"@type":"PropertyValueSpecification","valueRequired":true,"valueName":"search_term_string"}}],"inLanguage":"de"}]}},"_links":{"self":[{"href":"https:\/\/www.cpowerlabs.com\/de\/wp-json\/wp\/v2\/pages\/412","targetHints":{"allow":["GET"]}}],"collection":[{"href":"https:\/\/www.cpowerlabs.com\/de\/wp-json\/wp\/v2\/pages"}],"about":[{"href":"https:\/\/www.cpowerlabs.com\/de\/wp-json\/wp\/v2\/types\/page"}],"author":[{"embeddable":true,"href":"https:\/\/www.cpowerlabs.com\/de\/wp-json\/wp\/v2\/users\/1"}],"replies":[{"embeddable":true,"href":"https:\/\/www.cpowerlabs.com\/de\/wp-json\/wp\/v2\/comments?post=412"}],"version-history":[{"count":38,"href":"https:\/\/www.cpowerlabs.com\/de\/wp-json\/wp\/v2\/pages\/412\/revisions"}],"predecessor-version":[{"id":930,"href":"https:\/\/www.cpowerlabs.com\/de\/wp-json\/wp\/v2\/pages\/412\/revisions\/930"}],"wp:attachment":[{"href":"https:\/\/www.cpowerlabs.com\/de\/wp-json\/wp\/v2\/media?parent=412"}],"curies":[{"name":"wp","href":"https:\/\/api.w.org\/{rel}","templated":true}]}}