{"id":831,"date":"2025-06-04T13:16:22","date_gmt":"2025-06-04T11:16:22","guid":{"rendered":"https:\/\/www.cpowerlabs.com\/produkte-2\/"},"modified":"2025-06-04T15:00:01","modified_gmt":"2025-06-04T13:00:01","slug":"produkte-2","status":"publish","type":"page","link":"https:\/\/www.cpowerlabs.com\/de\/produkte-2\/","title":{"rendered":"Produkte"},"content":{"rendered":"<section class=\"l-section wpb_row cabecera-paginas height_small color_primary with_img\"><div class=\"l-section-img\" role=\"img\" data-img-width=\"\" data-img-height=\"\" style=\"background-image: url(https:\/\/www.cpowerlabs.com\/wp-content\/uploads\/2022\/02\/fractal-background.svg);background-position: top center;background-repeat: no-repeat;\"><\/div><div class=\"l-section-h i-cf\"><div class=\"g-cols vc_row via_grid cols_1 laptops-cols_inherit tablets-cols_inherit mobiles-cols_1 valign_top type_default stacking_default\"><div class=\"wpb_column vc_column_container\"><div class=\"vc_column-inner\"><h1 class=\"w-post-elm post_title us_custom_b176824e entry-title color_link_inherit\">Produkte<\/h1><\/div><\/div><\/div><\/div><\/section><section class=\"l-section wpb_row height_medium\"><div class=\"l-section-h i-cf\"><div class=\"g-cols vc_row via_grid cols_1 laptops-cols_inherit tablets-cols_inherit mobiles-cols_1 valign_top type_default stacking_default\"><div class=\"wpb_column vc_column_container\"><div class=\"vc_column-inner\"><div class=\"wpb_text_column\"><div class=\"wpb_wrapper\"><p style=\"text-align: center;\"><b><span data-contrast=\"auto\">Zuverl\u00e4ssigkeit f\u00fcr die Leistungselektronik von morgen<\/span><\/b><\/p>\n<p style=\"text-align: center;\"><span data-contrast=\"auto\">Die Chemnitz Power Labs GmbH entwickelt modernste Testsysteme zur Bewertung der Zuverl\u00e4ssigkeit leistungselektronischer Bauelemente. <\/span><\/p>\n<\/div><\/div><\/div><\/div><\/div><\/div><\/section><div class=\"wpb_column vc_column_container\"><div class=\"vc_column-inner\"><\/div><\/div><section class=\"l-section wpb_row height_medium\"><div class=\"l-section-overlay\" style=\"background:var(--color-content-bg-alt)\"><\/div><div class=\"l-section-h i-cf\"><div class=\"g-cols vc_row via_grid cols_2 laptops-cols_inherit tablets-cols_inherit mobiles-cols_1 valign_top type_default stacking_default\"><div class=\"wpb_column vc_column_container\"><div class=\"vc_column-inner\"><div class=\"w-separator size_huge\"><\/div><div class=\"w-slider style_none fit_scaledown\"><div class=\"w-slider-h\"><div class=\"royalSlider\"><div class=\"rsContent\"><a class=\"rsImg\" data-rsw=\"1024\" data-rsh=\"936\" href=\"https:\/\/www.cpowerlabs.com\/wp-content\/uploads\/2025\/06\/IMG_0527-1024x936.jpeg\"><span data-alt=\"\"><\/span><\/a><\/div><\/div><img decoding=\"async\" src=\"https:\/\/www.cpowerlabs.com\/wp-content\/uploads\/2025\/06\/IMG_0527-1024x936.jpeg\" width=\"1024\" height=\"936\" alt loading=\"lazy\"><\/div><div class=\"w-slider-json\" onclick='return {&quot;autoScaleSlider&quot;:true,&quot;loop&quot;:true,&quot;fadeInLoadedSlide&quot;:false,&quot;slidesSpacing&quot;:0,&quot;imageScalePadding&quot;:0,&quot;numImagesToPreload&quot;:2,&quot;arrowsNav&quot;:true,&quot;arrowsNavAutoHide&quot;:false,&quot;transitionType&quot;:&quot;move&quot;,&quot;transitionSpeed&quot;:250,&quot;block&quot;:{&quot;moveEffect&quot;:&quot;none&quot;,&quot;speed&quot;:300},&quot;thumbs&quot;:{&quot;fitInViewport&quot;:false},&quot;controlNavigation&quot;:&quot;none&quot;,&quot;imageScaleMode&quot;:&quot;fit-if-smaller&quot;,&quot;autoScaleSliderWidth&quot;:1024,&quot;autoScaleSliderHeight&quot;:936}'><\/div><\/div><\/div><\/div><div class=\"wpb_column vc_column_container\"><div class=\"vc_column-inner\"><div class=\"wpb_text_column\"><div class=\"wpb_wrapper\"><h3><strong><span class=\"NormalTextRun SCXW173411983 BCX8\">CPL <\/span><span class=\"NormalTextRun SpellingErrorV2Themed SCXW173411983 BCX8\">Advanced<\/span> <span class=\"NormalTextRun SpellingErrorV2Themed SCXW173411983 BCX8\">Reliability<\/span><span class=\"NormalTextRun SCXW173411983 BCX8\"> Tester (ART)<\/span><\/strong><\/h3>\n<\/div><\/div><div class=\"w-separator size_small\"><\/div><div class=\"wpb_text_column\"><div class=\"wpb_wrapper\"><p><span data-contrast=\"auto\">Mit dem ART bieten wir eine leistungsstarke und flexible Plattform zur Durchf\u00fchrung anspruchsvoller Zuverl\u00e4ssigkeitstests wie Power Cycling (PC), dynamische Gate-Stresstests (DGS) und Bipolardegradationstests \/ gepulste Hochtemperatur-Belastungstests (pHTFB).<\/span><\/p>\n<p><span data-contrast=\"auto\">Die Plattform ist bereit f\u00fcr den Einsatz mit Wide-Bandgap-Halbleitern in diskreten oder kundenspezifischen Modulgeh\u00e4usen und erm\u00f6glicht unter anderem:<\/span><\/p>\n<ul>\n<li data-leveltext=\"\uf0b7\" data-font=\"Symbol\" data-listid=\"7\" data-list-defn-props=\"{\" aria-setsize=\"-1\" data-aria-posinset=\"1\" data-aria-level=\"1\"><span data-contrast=\"auto\">Power Cycling mit Str\u00f6men bis zu 2000 A f\u00fcr bis zu 32 Pr\u00fcflinge \u2013 inklusive Millisekunden-Zyklen<\/span><\/li>\n<\/ul>\n<ul>\n<li data-leveltext=\"\uf0b7\" data-font=\"Symbol\" data-listid=\"7\" data-list-defn-props=\"{\" aria-setsize=\"-1\" data-aria-posinset=\"2\" data-aria-level=\"1\"><span data-contrast=\"auto\">Bipolardegradationstests (pHTFB) bis 400 A bei Pulsdauern von nur 100 ns<\/span><\/li>\n<\/ul>\n<ul>\n<li data-leveltext=\"\uf0b7\" data-font=\"Symbol\" data-listid=\"7\" data-list-defn-props=\"{\" aria-setsize=\"-1\" data-aria-posinset=\"3\" data-aria-level=\"1\"><span data-contrast=\"auto\">Dynamische Gate-Stresstests mit bis zu 48 Pr\u00fcflingen bei Frequenzen bis 500 kHz<\/span><\/li>\n<\/ul>\n<p><span data-contrast=\"auto\">Kompakt, skalierbar und praxisnah \u2013 der ART ist die ideale L\u00f6sung f\u00fcr Forschung, Entwicklung und Qualit\u00e4tssicherung in einer sich schnell entwickelnden Branche.<\/span> <\/p>\n<\/div><\/div><\/div><\/div><\/div><\/div><\/section>\n","protected":false},"excerpt":{"rendered":"ProdukteZuverl\u00e4ssigkeit f\u00fcr die Leistungselektronik von morgen Die Chemnitz Power Labs GmbH entwickelt modernste Testsysteme zur Bewertung der Zuverl\u00e4ssigkeit leistungselektronischer Bauelemente. CPL Advanced Reliability Tester (ART) Mit dem ART bieten wir eine leistungsstarke und flexible Plattform zur Durchf\u00fchrung anspruchsvoller Zuverl\u00e4ssigkeitstests wie Power Cycling (PC), dynamische Gate-Stresstests (DGS) und Bipolardegradationstests \/ gepulste Hochtemperatur-Belastungstests (pHTFB). Die Plattform ist...","protected":false},"author":2,"featured_media":0,"parent":0,"menu_order":0,"comment_status":"closed","ping_status":"closed","template":"","meta":{"inline_featured_image":false,"footnotes":""},"class_list":["post-831","page","type-page","status-publish","hentry"],"yoast_head":"<!-- This site is optimized with the Yoast SEO plugin v27.5 - https:\/\/yoast.com\/product\/yoast-seo-wordpress\/ -->\n<title>Produkte - Chemnitz Power Labs<\/title>\n<meta name=\"robots\" content=\"index, follow, max-snippet:-1, max-image-preview:large, max-video-preview:-1\" \/>\n<link rel=\"canonical\" href=\"https:\/\/www.cpowerlabs.com\/de\/produkte-2\/\" \/>\n<meta property=\"og:locale\" content=\"de_DE\" \/>\n<meta property=\"og:type\" content=\"article\" \/>\n<meta property=\"og:title\" content=\"Produkte - Chemnitz Power Labs\" \/>\n<meta property=\"og:url\" content=\"https:\/\/www.cpowerlabs.com\/de\/produkte-2\/\" \/>\n<meta property=\"og:site_name\" content=\"Chemnitz Power Labs\" \/>\n<meta property=\"article:modified_time\" content=\"2025-06-04T13:00:01+00:00\" \/>\n<meta name=\"twitter:card\" content=\"summary_large_image\" \/>\n<meta name=\"twitter:label1\" content=\"Gesch\u00e4tzte Lesezeit\" \/>\n\t<meta name=\"twitter:data1\" content=\"1\u00a0Minute\" \/>\n<script type=\"application\/ld+json\" class=\"yoast-schema-graph\">{\"@context\":\"https:\\\/\\\/schema.org\",\"@graph\":[{\"@type\":\"WebPage\",\"@id\":\"https:\\\/\\\/www.cpowerlabs.com\\\/de\\\/produkte-2\\\/\",\"url\":\"https:\\\/\\\/www.cpowerlabs.com\\\/de\\\/produkte-2\\\/\",\"name\":\"Produkte - Chemnitz Power Labs\",\"isPartOf\":{\"@id\":\"https:\\\/\\\/www.cpowerlabs.com\\\/de\\\/#website\"},\"datePublished\":\"2025-06-04T11:16:22+00:00\",\"dateModified\":\"2025-06-04T13:00:01+00:00\",\"breadcrumb\":{\"@id\":\"https:\\\/\\\/www.cpowerlabs.com\\\/de\\\/produkte-2\\\/#breadcrumb\"},\"inLanguage\":\"de\",\"potentialAction\":[{\"@type\":\"ReadAction\",\"target\":[\"https:\\\/\\\/www.cpowerlabs.com\\\/de\\\/produkte-2\\\/\"]}]},{\"@type\":\"BreadcrumbList\",\"@id\":\"https:\\\/\\\/www.cpowerlabs.com\\\/de\\\/produkte-2\\\/#breadcrumb\",\"itemListElement\":[{\"@type\":\"ListItem\",\"position\":1,\"name\":\"Home\",\"item\":\"https:\\\/\\\/www.cpowerlabs.com\\\/de\\\/\"},{\"@type\":\"ListItem\",\"position\":2,\"name\":\"Produkte\"}]},{\"@type\":\"WebSite\",\"@id\":\"https:\\\/\\\/www.cpowerlabs.com\\\/de\\\/#website\",\"url\":\"https:\\\/\\\/www.cpowerlabs.com\\\/de\\\/\",\"name\":\"Chemnitz Power Labs\",\"description\":\"Your testing partner for Power Semiconductors\",\"potentialAction\":[{\"@type\":\"SearchAction\",\"target\":{\"@type\":\"EntryPoint\",\"urlTemplate\":\"https:\\\/\\\/www.cpowerlabs.com\\\/de\\\/?s={search_term_string}\"},\"query-input\":{\"@type\":\"PropertyValueSpecification\",\"valueRequired\":true,\"valueName\":\"search_term_string\"}}],\"inLanguage\":\"de\"}]}<\/script>\n<!-- \/ Yoast SEO plugin. -->","yoast_head_json":{"title":"Produkte - Chemnitz Power Labs","robots":{"index":"index","follow":"follow","max-snippet":"max-snippet:-1","max-image-preview":"max-image-preview:large","max-video-preview":"max-video-preview:-1"},"canonical":"https:\/\/www.cpowerlabs.com\/de\/produkte-2\/","og_locale":"de_DE","og_type":"article","og_title":"Produkte - Chemnitz Power Labs","og_url":"https:\/\/www.cpowerlabs.com\/de\/produkte-2\/","og_site_name":"Chemnitz Power Labs","article_modified_time":"2025-06-04T13:00:01+00:00","twitter_card":"summary_large_image","twitter_misc":{"Gesch\u00e4tzte Lesezeit":"1\u00a0Minute"},"schema":{"@context":"https:\/\/schema.org","@graph":[{"@type":"WebPage","@id":"https:\/\/www.cpowerlabs.com\/de\/produkte-2\/","url":"https:\/\/www.cpowerlabs.com\/de\/produkte-2\/","name":"Produkte - Chemnitz Power Labs","isPartOf":{"@id":"https:\/\/www.cpowerlabs.com\/de\/#website"},"datePublished":"2025-06-04T11:16:22+00:00","dateModified":"2025-06-04T13:00:01+00:00","breadcrumb":{"@id":"https:\/\/www.cpowerlabs.com\/de\/produkte-2\/#breadcrumb"},"inLanguage":"de","potentialAction":[{"@type":"ReadAction","target":["https:\/\/www.cpowerlabs.com\/de\/produkte-2\/"]}]},{"@type":"BreadcrumbList","@id":"https:\/\/www.cpowerlabs.com\/de\/produkte-2\/#breadcrumb","itemListElement":[{"@type":"ListItem","position":1,"name":"Home","item":"https:\/\/www.cpowerlabs.com\/de\/"},{"@type":"ListItem","position":2,"name":"Produkte"}]},{"@type":"WebSite","@id":"https:\/\/www.cpowerlabs.com\/de\/#website","url":"https:\/\/www.cpowerlabs.com\/de\/","name":"Chemnitz Power Labs","description":"Your testing partner for Power Semiconductors","potentialAction":[{"@type":"SearchAction","target":{"@type":"EntryPoint","urlTemplate":"https:\/\/www.cpowerlabs.com\/de\/?s={search_term_string}"},"query-input":{"@type":"PropertyValueSpecification","valueRequired":true,"valueName":"search_term_string"}}],"inLanguage":"de"}]}},"_links":{"self":[{"href":"https:\/\/www.cpowerlabs.com\/de\/wp-json\/wp\/v2\/pages\/831","targetHints":{"allow":["GET"]}}],"collection":[{"href":"https:\/\/www.cpowerlabs.com\/de\/wp-json\/wp\/v2\/pages"}],"about":[{"href":"https:\/\/www.cpowerlabs.com\/de\/wp-json\/wp\/v2\/types\/page"}],"author":[{"embeddable":true,"href":"https:\/\/www.cpowerlabs.com\/de\/wp-json\/wp\/v2\/users\/2"}],"replies":[{"embeddable":true,"href":"https:\/\/www.cpowerlabs.com\/de\/wp-json\/wp\/v2\/comments?post=831"}],"version-history":[{"count":3,"href":"https:\/\/www.cpowerlabs.com\/de\/wp-json\/wp\/v2\/pages\/831\/revisions"}],"predecessor-version":[{"id":835,"href":"https:\/\/www.cpowerlabs.com\/de\/wp-json\/wp\/v2\/pages\/831\/revisions\/835"}],"wp:attachment":[{"href":"https:\/\/www.cpowerlabs.com\/de\/wp-json\/wp\/v2\/media?parent=831"}],"curies":[{"name":"wp","href":"https:\/\/api.w.org\/{rel}","templated":true}]}}